{"id":1044,"date":"2016-08-16T12:11:01","date_gmt":"2016-08-16T10:11:01","guid":{"rendered":"http:\/\/n4u.biz.hr\/hotel-maritimo.hr\/?page_id=1044&#038;lang=it"},"modified":"2025-10-28T13:43:49","modified_gmt":"2025-10-28T12:43:49","slug":"chi-siamo","status":"publish","type":"page","link":"https:\/\/www.hotel-maritimo.hr\/it\/chi-siamo\/","title":{"rendered":"Chi siamo"},"content":{"rendered":"<div class=\"wpb-content-wrapper\">[vc_row full_width=&#8221;stretch_row&#8221; parallax=&#8221;content-moving&#8221; parallax_image=&#8221;45&#8243; enable_overlay=&#8221;true&#8221; bg_overlay=&#8221;rgba(0,0,0,0.3)&#8221; css=&#8221;.vc_custom_1470298522028{padding-top: 150px !important;padding-bottom: 80px !important;}&#8221;][vc_column]<div class=\"awe-special-heading text-center\" style=\"color:#ffffff;\"><h2>CHI SIAMO<\/h2><\/div>[\/vc_column][\/vc_row][vc_row][vc_column width=&#8221;1\/2&#8243;]<div class=\"awe-special-heading text-left\"><h2>CHI SIAMO<\/h2><\/div>[vc_wp_text]\n<div class=\"wpb_text_column wpb_content_element wpb_animate_when_almost_visible wpb_ wpb_start_animation animated\">\n<div class=\"wpb_wrapper\">\n<p>Maritimo \u00e8 un piccolo ed elegante albergo famigliare situato nella parte occidentale di Makarska. Ubicato sulla spiaggia di ciottoli, accanto ad un piccolo porticciolo, e dal mare lo divide una piccola passeggiata dalla quale si gode una stupenda vista sulle isole Lesina e Brazza (Hvar e Bra\u010d).<\/p>\n<p>Disponiamo di 21 camere doppie arredate in stile moderno e di un appartamento nell\u2019attico dell\u2019albergo. Abbiamo anche il ristorante Maritimo che in un ambiente accogliente offre una vasta gamma di pietanze tradizionali ed internazionali, nonch\u00e9 il menu a la carte, e quello della pensione d\u2019albergo. Il ristorante con terrazza situato accanto alla passeggiata sopra la spiaggia ed il mare cristallino offre una particolare atmosfera estiva.<\/p>\n<p>Inoltre vi \u00e8 un garage sotterraneo, con posto parcheggio assicurato per tutti i nostri ospiti e connesso alle unit\u00e0 abitative tramite ascensore. \u00c8 necessario prenotare il posto auto in anticipo.<\/p>\n<\/div>\n<\/div>\n<div class=\"wpb_text_column wpb_content_element wpb_animate_when_almost_visible wpb_ wpb_start_animation animated\">\n<div class=\"wpb_wrapper\">\n<p>Una buona posizione adiacente alla spiaggia, la caratteristica architettura mediterranea, l\u2019accogliente calore degli interni e delle altre strutture, i continui investimenti nella ristrutturazione e la manutenzione della struttura ad alto livello, nonch\u00e9 il personale gentile e professionale a disposizione degli ospiti 24 ore al giorno, che \u00e8 molto importante, fanno di questo luogo il posto ideale per una vacanza. Il servizio eccellente accompagna i nostri ospiti sin dall\u2019arrivo alla reception, la cortesia nel ristorante nonch\u00e9 il personale veloce, discreto e preciso rendono questo hotel speciale. Dall\u2019apertura il nostro albergo si \u00e8 guadagnato numerosi riconoscimenti ed un ottimo riscontro da parte degli ospiti, di cui siamo particolarmente orgogliosi.<\/p>\n<p>Contenuto:<\/p>\n<ul>\n<li>Ristorante \u2013 a la carte e pensione alberghiera<\/li>\n<li>Reception 24\/7<\/li>\n<li>Cocktail bar<\/li>\n<li>Internet caf\u00e8<\/li>\n<li>Lettini da spiaggia ed ombrelloni in spiaggia<\/li>\n<li>Video monitoraggio<\/li>\n<li>Ascensore<\/li>\n<li>Asciugamani da spiaggia<\/li>\n<li>Servizio di lavaggio e stiratura<\/li>\n<li>Possibilit\u00e0 di organizzazione di gite<\/li>\n<li>Possibilit\u00e0 di organizzazione di transfer<\/li>\n<\/ul>\n<\/div>\n<\/div>\n[\/vc_wp_text][\/vc_column][vc_column width=&#8221;1\/4&#8243;][vc_single_image image=&#8221;3900&#8243; img_size=&#8221;medium&#8221;][vc_single_image image=&#8221;3903&#8243; img_size=&#8221;medium&#8221;][vc_single_image image=&#8221;3732&#8243; img_size=&#8221;medium&#8221;][vc_single_image image=&#8221;3759&#8243; img_size=&#8221;medium&#8221;][vc_single_image image=&#8221;3768&#8243; img_size=&#8221;medium&#8221;][\/vc_column][vc_column width=&#8221;1\/4&#8243;][vc_single_image image=&#8221;3822&#8243; img_size=&#8221;medium&#8221;][vc_single_image image=&#8221;3927&#8243; img_size=&#8221;medium&#8221;][vc_single_image image=&#8221;3894&#8243; img_size=&#8221;medium&#8221;][vc_single_image image=&#8221;3795&#8243; img_size=&#8221;medium&#8221;][vc_single_image image=&#8221;3897&#8243; img_size=&#8221;medium&#8221;][\/vc_column][\/vc_row][vc_row][vc_column]<div class=\"awe-special-heading text-center\"><h2>PREMI<\/h2><\/div>[vc_empty_space][\/vc_column][\/vc_row][vc_row][vc_column width=&#8221;1\/6&#8243;][vc_single_image image=&#8221;3201&#8243; img_size=&#8221;full&#8221; alignment=&#8221;center&#8221; onclick=&#8221;custom_link&#8221; img_link_target=&#8221;_blank&#8221; link=&#8221;https:\/\/www.tripadvisor.co.uk\/Hotel_Review-g303814-d1527283-Reviews-The_Maritimo_Hotel-Makarska_Split_Dalmatia_County_Dalmatia.html&#8221;][vc_single_image image=&#8221;3200&#8243; img_size=&#8221;full&#8221; alignment=&#8221;center&#8221; onclick=&#8221;custom_link&#8221; img_link_target=&#8221;_blank&#8221; link=&#8221;http:\/\/www.completelycroatia.co.uk\/&#8221;][\/vc_column][vc_column width=&#8221;1\/6&#8243;][vc_single_image image=&#8221;3202&#8243; img_size=&#8221;full&#8221; alignment=&#8221;center&#8221; onclick=&#8221;custom_link&#8221; img_link_target=&#8221;_blank&#8221; link=&#8221;https:\/\/www.tripadvisor.co.uk\/Hotel_Review-g303814-d1527283-Reviews-The_Maritimo_Hotel-Makarska_Split_Dalmatia_County_Dalmatia.html&#8221;][vc_single_image image=&#8221;3290&#8243; img_size=&#8221;full&#8221; alignment=&#8221;center&#8221;][\/vc_column][vc_column width=&#8221;1\/6&#8243;][vc_single_image image=&#8221;3203&#8243; img_size=&#8221;full&#8221; alignment=&#8221;center&#8221; onclick=&#8221;custom_link&#8221; img_link_target=&#8221;_blank&#8221; link=&#8221;https:\/\/www.tripadvisor.co.uk\/Hotel_Review-g303814-d1527283-Reviews-The_Maritimo_Hotel-Makarska_Split_Dalmatia_County_Dalmatia.html&#8221;][vc_single_image image=&#8221;3287&#8243; img_size=&#8221;full&#8221; alignment=&#8221;center&#8221;][\/vc_column][vc_column width=&#8221;1\/6&#8243;][vc_single_image image=&#8221;3204&#8243; img_size=&#8221;full&#8221; alignment=&#8221;center&#8221; onclick=&#8221;custom_link&#8221; img_link_target=&#8221;_blank&#8221; link=&#8221;https:\/\/www.tripadvisor.co.uk\/Hotel_Review-g303814-d1527283-Reviews-The_Maritimo_Hotel-Makarska_Split_Dalmatia_County_Dalmatia.html&#8221;][vc_single_image image=&#8221;3275&#8243; img_size=&#8221;full&#8221; alignment=&#8221;center&#8221;][\/vc_column][vc_column width=&#8221;1\/6&#8243;][vc_single_image image=&#8221;3206&#8243; img_size=&#8221;full&#8221; alignment=&#8221;center&#8221; onclick=&#8221;custom_link&#8221; img_link_target=&#8221;_blank&#8221; link=&#8221;https:\/\/www.hotels.com\/ho332066\/hotel-maritimo-makarska-croatia\/?wapb1=guestratingwidgets-1&#8243;][\/vc_column][vc_column width=&#8221;1\/6&#8243;][vc_single_image image=&#8221;3205&#8243; img_size=&#8221;full&#8221; alignment=&#8221;center&#8221; onclick=&#8221;custom_link&#8221; img_link_target=&#8221;_blank&#8221; link=&#8221;http:\/\/www.booking.com\/hotel\/hr\/maritimo.html?label=gen173nr-1FCAEoggJCAlhYSDNiBW5vcmVmaGWIAQGYATG4AQzIAQzYAQHoAQH4AQKoAgM;sid=914bb4b38e4aba833ee9cf248d301326;dcid=1;dest_id=-87968;dest_type=city;dist=0;group_adults=2;room1=A%2CA;sb_price_type=total;srfid=73fef5a70b3bedf332fea8f70740be2efa2dd5f3X1;type=total;ucfs=1-reviews&#8221;][\/vc_column][\/vc_row]\n<\/div>","protected":false},"excerpt":{"rendered":"<p>[vc_row full_width=&#8221;stretch_row&#8221; parallax=&#8221;content-moving&#8221; parallax_image=&#8221;45&#8243; enable_overlay=&#8221;true&#8221; bg_overlay=&#8221;rgba(0,0,0,0.3)&#8221; css=&#8221;.vc_custom_1470298522028{padding-top: 150px !important;padding-bottom: 80px !important;}&#8221;][vc_column][\/vc_column][\/vc_row][vc_row][vc_column width=&#8221;1\/2&#8243;][vc_wp_text] Maritimo \u00e8 un piccolo ed elegante albergo famigliare situato nella parte occidentale di Makarska. Ubicato sulla spiaggia di ciottoli, accanto ad un piccolo porticciolo, e dal mare lo divide una piccola passeggiata dalla quale si gode una stupenda vista sulle isole Lesina e &hellip;<\/p>\n","protected":false},"author":3,"featured_media":0,"parent":0,"menu_order":0,"comment_status":"closed","ping_status":"closed","template":"","meta":{"footnotes":""},"class_list":["post-1044","page","type-page","status-publish","hentry"],"yoast_head":"<!-- This site is optimized with the Yoast SEO plugin v27.3 - https:\/\/yoast.com\/product\/yoast-seo-wordpress\/ -->\n<title>Chi siamo - Hotel Maritimo<\/title>\n<meta name=\"description\" content=\"Maritimo \u00e8 un piccolo ed elegante albergo famigliare situato nella parte occidentale di Makarska, ubicato sulla spiaggia di ciottoli.\" \/>\n<meta name=\"robots\" content=\"index, follow, max-snippet:-1, max-image-preview:large, max-video-preview:-1\" \/>\n<link rel=\"canonical\" href=\"https:\/\/www.hotel-maritimo.hr\/it\/chi-siamo\/\" \/>\n<meta property=\"og:locale\" content=\"it_IT\" \/>\n<meta property=\"og:type\" content=\"article\" \/>\n<meta property=\"og:title\" content=\"Chi siamo - Hotel Maritimo\" \/>\n<meta property=\"og:description\" content=\"Maritimo \u00e8 un piccolo ed elegante albergo famigliare situato nella parte occidentale di Makarska, ubicato sulla spiaggia di ciottoli.\" \/>\n<meta property=\"og:url\" content=\"https:\/\/www.hotel-maritimo.hr\/it\/chi-siamo\/\" \/>\n<meta property=\"og:site_name\" content=\"Hotel Maritimo\" \/>\n<meta property=\"article:modified_time\" content=\"2025-10-28T12:43:49+00:00\" \/>\n<meta name=\"twitter:card\" content=\"summary_large_image\" \/>\n<meta name=\"twitter:label1\" content=\"Tempo di lettura stimato\" \/>\n\t<meta name=\"twitter:data1\" content=\"5 minuti\" \/>\n<script type=\"application\/ld+json\" class=\"yoast-schema-graph\">{\"@context\":\"https:\\\/\\\/schema.org\",\"@graph\":[{\"@type\":\"WebPage\",\"@id\":\"https:\\\/\\\/www.hotel-maritimo.hr\\\/it\\\/chi-siamo\\\/\",\"url\":\"https:\\\/\\\/www.hotel-maritimo.hr\\\/it\\\/chi-siamo\\\/\",\"name\":\"Chi siamo - Hotel Maritimo\",\"isPartOf\":{\"@id\":\"https:\\\/\\\/www.hotel-maritimo.hr\\\/#website\"},\"datePublished\":\"2016-08-16T10:11:01+00:00\",\"dateModified\":\"2025-10-28T12:43:49+00:00\",\"description\":\"Maritimo \u00e8 un piccolo ed elegante albergo famigliare situato nella parte occidentale di Makarska, ubicato sulla spiaggia di ciottoli.\",\"breadcrumb\":{\"@id\":\"https:\\\/\\\/www.hotel-maritimo.hr\\\/it\\\/chi-siamo\\\/#breadcrumb\"},\"inLanguage\":\"it-IT\",\"potentialAction\":[{\"@type\":\"ReadAction\",\"target\":[\"https:\\\/\\\/www.hotel-maritimo.hr\\\/it\\\/chi-siamo\\\/\"]}]},{\"@type\":\"BreadcrumbList\",\"@id\":\"https:\\\/\\\/www.hotel-maritimo.hr\\\/it\\\/chi-siamo\\\/#breadcrumb\",\"itemListElement\":[{\"@type\":\"ListItem\",\"position\":1,\"name\":\"Home\",\"item\":\"https:\\\/\\\/www.hotel-maritimo.hr\\\/it\\\/\"},{\"@type\":\"ListItem\",\"position\":2,\"name\":\"Chi siamo\"}]},{\"@type\":\"WebSite\",\"@id\":\"https:\\\/\\\/www.hotel-maritimo.hr\\\/#website\",\"url\":\"https:\\\/\\\/www.hotel-maritimo.hr\\\/\",\"name\":\"Hotel Maritimo\",\"description\":\"\",\"potentialAction\":[{\"@type\":\"SearchAction\",\"target\":{\"@type\":\"EntryPoint\",\"urlTemplate\":\"https:\\\/\\\/www.hotel-maritimo.hr\\\/?s={search_term_string}\"},\"query-input\":{\"@type\":\"PropertyValueSpecification\",\"valueRequired\":true,\"valueName\":\"search_term_string\"}}],\"inLanguage\":\"it-IT\"}]}<\/script>\n<!-- \/ Yoast SEO plugin. -->","yoast_head_json":{"title":"Chi siamo - Hotel Maritimo","description":"Maritimo \u00e8 un piccolo ed elegante albergo famigliare situato nella parte occidentale di Makarska, ubicato sulla spiaggia di ciottoli.","robots":{"index":"index","follow":"follow","max-snippet":"max-snippet:-1","max-image-preview":"max-image-preview:large","max-video-preview":"max-video-preview:-1"},"canonical":"https:\/\/www.hotel-maritimo.hr\/it\/chi-siamo\/","og_locale":"it_IT","og_type":"article","og_title":"Chi siamo - Hotel Maritimo","og_description":"Maritimo \u00e8 un piccolo ed elegante albergo famigliare situato nella parte occidentale di Makarska, ubicato sulla spiaggia di ciottoli.","og_url":"https:\/\/www.hotel-maritimo.hr\/it\/chi-siamo\/","og_site_name":"Hotel Maritimo","article_modified_time":"2025-10-28T12:43:49+00:00","twitter_card":"summary_large_image","twitter_misc":{"Tempo di lettura stimato":"5 minuti"},"schema":{"@context":"https:\/\/schema.org","@graph":[{"@type":"WebPage","@id":"https:\/\/www.hotel-maritimo.hr\/it\/chi-siamo\/","url":"https:\/\/www.hotel-maritimo.hr\/it\/chi-siamo\/","name":"Chi siamo - Hotel Maritimo","isPartOf":{"@id":"https:\/\/www.hotel-maritimo.hr\/#website"},"datePublished":"2016-08-16T10:11:01+00:00","dateModified":"2025-10-28T12:43:49+00:00","description":"Maritimo \u00e8 un piccolo ed elegante albergo famigliare situato nella parte occidentale di Makarska, ubicato sulla spiaggia di ciottoli.","breadcrumb":{"@id":"https:\/\/www.hotel-maritimo.hr\/it\/chi-siamo\/#breadcrumb"},"inLanguage":"it-IT","potentialAction":[{"@type":"ReadAction","target":["https:\/\/www.hotel-maritimo.hr\/it\/chi-siamo\/"]}]},{"@type":"BreadcrumbList","@id":"https:\/\/www.hotel-maritimo.hr\/it\/chi-siamo\/#breadcrumb","itemListElement":[{"@type":"ListItem","position":1,"name":"Home","item":"https:\/\/www.hotel-maritimo.hr\/it\/"},{"@type":"ListItem","position":2,"name":"Chi siamo"}]},{"@type":"WebSite","@id":"https:\/\/www.hotel-maritimo.hr\/#website","url":"https:\/\/www.hotel-maritimo.hr\/","name":"Hotel Maritimo","description":"","potentialAction":[{"@type":"SearchAction","target":{"@type":"EntryPoint","urlTemplate":"https:\/\/www.hotel-maritimo.hr\/?s={search_term_string}"},"query-input":{"@type":"PropertyValueSpecification","valueRequired":true,"valueName":"search_term_string"}}],"inLanguage":"it-IT"}]}},"_links":{"self":[{"href":"https:\/\/www.hotel-maritimo.hr\/it\/wp-json\/wp\/v2\/pages\/1044","targetHints":{"allow":["GET"]}}],"collection":[{"href":"https:\/\/www.hotel-maritimo.hr\/it\/wp-json\/wp\/v2\/pages"}],"about":[{"href":"https:\/\/www.hotel-maritimo.hr\/it\/wp-json\/wp\/v2\/types\/page"}],"author":[{"embeddable":true,"href":"https:\/\/www.hotel-maritimo.hr\/it\/wp-json\/wp\/v2\/users\/3"}],"replies":[{"embeddable":true,"href":"https:\/\/www.hotel-maritimo.hr\/it\/wp-json\/wp\/v2\/comments?post=1044"}],"version-history":[{"count":8,"href":"https:\/\/www.hotel-maritimo.hr\/it\/wp-json\/wp\/v2\/pages\/1044\/revisions"}],"predecessor-version":[{"id":4009,"href":"https:\/\/www.hotel-maritimo.hr\/it\/wp-json\/wp\/v2\/pages\/1044\/revisions\/4009"}],"wp:attachment":[{"href":"https:\/\/www.hotel-maritimo.hr\/it\/wp-json\/wp\/v2\/media?parent=1044"}],"curies":[{"name":"wp","href":"https:\/\/api.w.org\/{rel}","templated":true}]}}