{"id":1018,"date":"2016-08-16T10:12:17","date_gmt":"2016-08-16T08:12:17","guid":{"rendered":"http:\/\/n4u.biz.hr\/hotel-maritimo.hr\/?page_id=1018&#038;lang=it"},"modified":"2025-10-28T13:47:00","modified_gmt":"2025-10-28T12:47:00","slug":"la-destinazione","status":"publish","type":"page","link":"https:\/\/www.hotel-maritimo.hr\/it\/la-destinazione\/","title":{"rendered":"La destinazione"},"content":{"rendered":"<div class=\"wpb-content-wrapper\">[vc_row full_width=&#8221;stretch_row&#8221; equal_height=&#8221;yes&#8221; parallax=&#8221;content-moving&#8221; parallax_image=&#8221;1003&#8243; enable_overlay=&#8221;&#8221;][vc_column]<div class=\"awe-special-heading text-center\" style=\"color:#ffffff;\"><h2>LA DESTINAZIONE<\/h2><\/div>[\/vc_column][\/vc_row][vc_row][vc_column]<div class=\"awe-special-heading text-left\"><h2>MAKARSKA<\/h2><\/div>[vc_video link=&#8221;https:\/\/www.youtube.com\/watch?v=20w9Lto1r9w&#8221;][\/vc_column][\/vc_row][vc_row][vc_column][vc_wp_text]\n<div class=\"vc_row wpb_row vc_row-fluid\">\n<div class=\"wpb_column vc_column_container vc_col-sm-12\">\n<div class=\"vc_column-inner\">\n<div class=\"wpb_wrapper\">\n<div class=\"wpb_text_column wpb_content_element wpb_animate_when_almost_visible wpb_ wpb_start_animation animated\">\n<div class=\"wpb_wrapper\">\n<p>Makarska \u00e8 una cittadina pittoresca di bellezza imponente che vive di turismo e per il turismo, luogo di giovent\u00f9, di cultura, di sport e di divertimento. \u00c8 stata costruita intorno ad un porto naturale protetto dalle affascinanti penisole, Sveti Petar (San Pietro) ed Osejava. Il monastero francescano \u00e8 il luogo migliore per scoprirne la storia, nonch\u00e9 le opere d\u2019arte custodite nei luoghi sacri del litorale di Makarska i cui autori sono famosi pittori croati provvenienti da queste zone.<\/p>\n<p>Durante le serate estive il porto \u00e8 colmo di yacht e di barche da gite turistiche, mentre Piazza Ka\u010di\u0107 nel centro citt\u00e0 pullula di giovent\u00f9 che si gode le manifestazioni culturali e vari spettacoli.<br \/>\nE con il progredire della notte la riva di Makarska diventa sempre pi\u00f9 viva, ed i bar, i ristoranti e le discoteche sempre pi\u00f9 pieni.<\/p>\n<p>Il Monte Biokovo, magnifico dono di natura, sorge dal mare cristallino. Se vi piacciono l\u2019avventura e le sfide sportive allettanti, Makarska offre una vasta gamma di contenuti sportivi (paragliding, ciclismo di montagna, speleologia e sport acquatici). La stupenda spiaggia di ciottoli si protende per 2 km lungo la cittadina intera, e tutto ci\u00f2 fa di Makarska la vostra destinazione turistica preferita.<\/p>\n<p>&nbsp;<\/p>\n<\/div>\n<\/div>\n<\/div>\n<\/div>\n<\/div>\n<\/div>\n<div class=\"vc_row wpb_row vc_row-fluid\">\n<div class=\"wpb_column vc_column_container vc_col-sm-12\">\n<div class=\"vc_column-inner\">\n<div class=\"wpb_wrapper\">\n<div class=\"wpb_text_column wpb_content_element wpb_animate_when_almost_visible wpb_ wpb_start_animation animated\">\n<div class=\"wpb_wrapper\">\n<h4>Link utili:<\/h4>\n<p>Stazione degli autobus di Makarska:\u00a0<a href=\"http:\/\/promet-makarska.hr\/\" target=\"_blank\" rel=\"noopener noreferrer\">www.promet-makarska.hr<\/a><\/p>\n<p>Stazione degli autobus di Spalato (Split):\u00a0<a href=\"http:\/\/www.ak-split.hr\/\" target=\"_blank\" rel=\"noopener noreferrer\">www.ak-split.hr<\/a><\/p>\n<p>Trasporto marittimo:\u00a0<a href=\"http:\/\/www.jadrolinija.hr\/\" target=\"_blank\" rel=\"noopener noreferrer\">www.jadrolinija.hr<\/a><\/p>\n<p>Aeroporto di Spalato (Split):\u00a0<a href=\"http:\/\/www.split-airport.hr\/index.php?lang=en\" target=\"_blank\" rel=\"noopener noreferrer\">www.split-airport.hr<\/a><\/p>\n<p>Soccorso in strada:\u00a0<a href=\"http:\/\/www.hak.hr\/\" target=\"_blank\" rel=\"noopener noreferrer\">www.hak.hr<\/a><\/p>\n<\/div>\n<\/div>\n<\/div>\n<\/div>\n<\/div>\n<\/div>\n[\/vc_wp_text][\/vc_column][\/vc_row][vc_row][vc_column]<div class=\"gallery\">\t\t\t<!--FILTER -->\r\n\t\t\t<div class=\"gallery-cat text-center\">\r\n\t\t\t\t<ul class=\"list-inline\">\r\n\t\t\t\t\t<li class=\"active\"><a href=\"#\" data-filter=\"*\">All<\/a><\/li>\r\n\t\t\t\t\t<li><a href=\"https:\/\/www.hotel-maritimo.hr\/it\/gallery_cat\/makarska-it\/\" data-filter=\".makarska-it\">Makarska<\/a><\/li>\t\t\t\t<\/ul>\r\n\t\t\t<\/div>\r\n\t\t\t<!--END \/ FILTER -->\r\n\t\t\t\t\t<!-- GALLERY CONTENT -->\r\n\t\t\t<div class=\"gallery-content \">\r\n\t\t\t\t<div class=\"row\">\r\n\t\t\t\t\t<div class=\"gallery-isotope\">\r\n\t\t\t\t\t\t<!-- ITEM SIZE -->\r\n\t\t\t\t\t\t<div class=\"item-size col-xs-6 col-sm-4 col-md-12\"><\/div>\r\n\t\t\t\t\t\t<!-- END \/ ITEM SIZE -->\r\n\t\t\t\t\t\t<div class=\"item-isotope col-xs-6 col-sm-4 makarska-it col-md-12\">\r\n\t\t\t\t<div class=\"gallery_item\">\r\n\t\t\t\t\t<a href = \"https:\/\/www.hotel-maritimo.hr\/wp-content\/uploads\/2016\/08\/4-1.jpg\" class=\"gallery-popup mfp-image\" title = \"Makarska\" >\r\n\t\t\t\t\t\t\t<img loading=\"lazy\" decoding=\"async\" width=\"780\" height=\"520\" src=\"https:\/\/www.hotel-maritimo.hr\/wp-content\/uploads\/2016\/08\/4-1-1024x683.jpg\" class=\"attachment-large size-large wp-post-image\"  alt=\"4-1-1024x683\"  srcset=\"https:\/\/www.hotel-maritimo.hr\/wp-content\/uploads\/2016\/08\/4-1.jpg 1024w, https:\/\/www.hotel-maritimo.hr\/wp-content\/uploads\/2016\/08\/4-1-300x200.jpg 300w, https:\/\/www.hotel-maritimo.hr\/wp-content\/uploads\/2016\/08\/4-1-768x512.jpg 768w, https:\/\/www.hotel-maritimo.hr\/wp-content\/uploads\/2016\/08\/4-1-600x400.jpg 600w\" sizes=\"auto, (max-width: 780px) 100vw, 780px\" \/>\r\n\t\t\t\t\t\t<\/a><a href=\"https:\/\/www.hotel-maritimo.hr\/wp-content\/uploads\/2016\/07\/hotel_maritimo26.jpg\" title=\"Makarska\"><\/a><a href=\"https:\/\/www.hotel-maritimo.hr\/wp-content\/uploads\/2016\/07\/1-1.jpg\" title=\"Makarska\"><\/a><a href=\"https:\/\/www.hotel-maritimo.hr\/wp-content\/uploads\/2016\/07\/2-1.jpg\" title=\"Makarska\"><\/a><a href=\"https:\/\/www.hotel-maritimo.hr\/wp-content\/uploads\/2016\/07\/3-1.jpg\" title=\"Makarska\"><\/a><a href=\"https:\/\/www.hotel-maritimo.hr\/wp-content\/uploads\/2016\/07\/4-1.jpg\" title=\"Makarska\"><\/a><a href=\"https:\/\/www.hotel-maritimo.hr\/wp-content\/uploads\/2016\/07\/5-1.jpg\" title=\"Makarska\"><\/a><a href=\"https:\/\/www.hotel-maritimo.hr\/wp-content\/uploads\/2016\/07\/6-1.jpg\" title=\"Makarska\"><\/a><a href=\"https:\/\/www.hotel-maritimo.hr\/wp-content\/uploads\/2016\/07\/7-1.jpg\" title=\"Makarska\"><\/a><a href=\"https:\/\/www.hotel-maritimo.hr\/wp-content\/uploads\/2016\/07\/8.jpg\" title=\"Makarska\"><\/a><a href=\"https:\/\/www.hotel-maritimo.hr\/wp-content\/uploads\/2016\/07\/9.jpg\" title=\"Makarska\"><\/a><a href=\"https:\/\/www.hotel-maritimo.hr\/wp-content\/uploads\/2016\/07\/10.jpg\" title=\"Makarska\"><\/a><a href=\"https:\/\/www.hotel-maritimo.hr\/wp-content\/uploads\/2016\/07\/11.jpg\" title=\"Makarska\"><\/a><a href=\"https:\/\/www.hotel-maritimo.hr\/wp-content\/uploads\/2016\/07\/12.jpg\" title=\"Makarska\"><\/a><a href=\"https:\/\/www.hotel-maritimo.hr\/wp-content\/uploads\/2016\/07\/GOPR26620036612016-08-30-13-18-07.jpg\" title=\"Makarska\"><\/a><a href=\"https:\/\/www.hotel-maritimo.hr\/wp-content\/uploads\/2016\/07\/13.jpg\" title=\"Makarska\"><\/a><a href=\"https:\/\/www.hotel-maritimo.hr\/wp-content\/uploads\/2016\/07\/GOPR26620053702016-08-30-13-19-06.jpg\" title=\"Makarska\"><\/a><a href=\"https:\/\/www.hotel-maritimo.hr\/wp-content\/uploads\/2016\/07\/GOPR26610142772016-08-30-13-16-06.jpg\" title=\"Makarska\"><\/a><a href=\"https:\/\/www.hotel-maritimo.hr\/wp-content\/uploads\/2016\/07\/14.jpg\" title=\"Makarska\"><\/a><h6 class=\"text\">Makarska<span class=\"num_photos\">Total 19 photos<\/span><\/h6>\r\n\t\t\t\t<\/div>\r\n\t\t\t<\/div>\t\t\t\t\t<\/div>\r\n\t\t\t\t<\/div>\r\n\t\t\t\t\t\t\t<div class=\"our-gallery text-center js-loadmore\" style=display:none>\r\n\t\t\t\t<a class=\"more awe-btn awe-btn-6\" href=\"#\" data-cats=\"42\"\r\n\t\t\t\t\tdata-page=\"1\"\r\n\t\t\t\t\tdata-max=\"1\"\r\n\t\t\t\t\tdata-num=\"8\"\r\n\t\t\t\t\tdata-size=\"large\"\r\n\t\t\t\t\tdata-column=\"col-md-12\"\r\n\t\t\t\t>View More<\/a>\r\n\t\t\t<\/div>\r\n\t\t\t\t\t\t<\/div>\r\n\t\t\t<!-- GALLERY CONTENT -->\r\n\t\t\t<\/div > [\/vc_column][\/vc_row]\n<\/div>","protected":false},"excerpt":{"rendered":"<p>[vc_row full_width=&#8221;stretch_row&#8221; equal_height=&#8221;yes&#8221; parallax=&#8221;content-moving&#8221; parallax_image=&#8221;1003&#8243; enable_overlay=&#8221;&#8221;][vc_column][\/vc_column][\/vc_row][vc_row][vc_column][vc_video link=&#8221;https:\/\/www.youtube.com\/watch?v=20w9Lto1r9w&#8221;][\/vc_column][\/vc_row][vc_row][vc_column][vc_wp_text] Makarska \u00e8 una cittadina pittoresca di bellezza imponente che vive di turismo e per il turismo, luogo di giovent\u00f9, di cultura, di sport e di divertimento. \u00c8 stata costruita intorno ad un porto naturale protetto dalle affascinanti penisole, Sveti Petar (San Pietro) ed Osejava. Il monastero francescano \u00e8 &hellip;<\/p>\n","protected":false},"author":3,"featured_media":0,"parent":0,"menu_order":0,"comment_status":"closed","ping_status":"closed","template":"","meta":{"footnotes":""},"class_list":["post-1018","page","type-page","status-publish","hentry"],"yoast_head":"<!-- This site is optimized with the Yoast SEO plugin v27.3 - https:\/\/yoast.com\/product\/yoast-seo-wordpress\/ -->\n<title>La destinazione - Hotel Maritimo<\/title>\n<meta name=\"description\" content=\"Makarska \u00e8 una cittadina pittoresca di bellezza imponente che vive di turismo e per il turismo, luogo di giovent\u00f9, di cultura, di sport e di divertimento.\" \/>\n<meta name=\"robots\" content=\"index, follow, max-snippet:-1, max-image-preview:large, max-video-preview:-1\" \/>\n<link rel=\"canonical\" href=\"https:\/\/www.hotel-maritimo.hr\/it\/la-destinazione\/\" \/>\n<meta property=\"og:locale\" content=\"it_IT\" \/>\n<meta property=\"og:type\" content=\"article\" \/>\n<meta property=\"og:title\" content=\"La destinazione - Hotel Maritimo\" \/>\n<meta property=\"og:description\" content=\"Makarska \u00e8 una cittadina pittoresca di bellezza imponente che vive di turismo e per il turismo, luogo di giovent\u00f9, di cultura, di sport e di divertimento.\" \/>\n<meta property=\"og:url\" content=\"https:\/\/www.hotel-maritimo.hr\/it\/la-destinazione\/\" \/>\n<meta property=\"og:site_name\" content=\"Hotel Maritimo\" \/>\n<meta property=\"article:modified_time\" content=\"2025-10-28T12:47:00+00:00\" \/>\n<meta name=\"twitter:card\" content=\"summary_large_image\" \/>\n<meta name=\"twitter:label1\" content=\"Tempo di lettura stimato\" \/>\n\t<meta name=\"twitter:data1\" content=\"2 minuti\" \/>\n<script type=\"application\/ld+json\" class=\"yoast-schema-graph\">{\"@context\":\"https:\\\/\\\/schema.org\",\"@graph\":[{\"@type\":\"WebPage\",\"@id\":\"https:\\\/\\\/www.hotel-maritimo.hr\\\/it\\\/la-destinazione\\\/\",\"url\":\"https:\\\/\\\/www.hotel-maritimo.hr\\\/it\\\/la-destinazione\\\/\",\"name\":\"La destinazione - Hotel Maritimo\",\"isPartOf\":{\"@id\":\"https:\\\/\\\/www.hotel-maritimo.hr\\\/#website\"},\"datePublished\":\"2016-08-16T08:12:17+00:00\",\"dateModified\":\"2025-10-28T12:47:00+00:00\",\"description\":\"Makarska \u00e8 una cittadina pittoresca di bellezza imponente che vive di turismo e per il turismo, luogo di giovent\u00f9, di cultura, di sport e di divertimento.\",\"breadcrumb\":{\"@id\":\"https:\\\/\\\/www.hotel-maritimo.hr\\\/it\\\/la-destinazione\\\/#breadcrumb\"},\"inLanguage\":\"it-IT\",\"potentialAction\":[{\"@type\":\"ReadAction\",\"target\":[\"https:\\\/\\\/www.hotel-maritimo.hr\\\/it\\\/la-destinazione\\\/\"]}]},{\"@type\":\"BreadcrumbList\",\"@id\":\"https:\\\/\\\/www.hotel-maritimo.hr\\\/it\\\/la-destinazione\\\/#breadcrumb\",\"itemListElement\":[{\"@type\":\"ListItem\",\"position\":1,\"name\":\"Home\",\"item\":\"https:\\\/\\\/www.hotel-maritimo.hr\\\/it\\\/\"},{\"@type\":\"ListItem\",\"position\":2,\"name\":\"La destinazione\"}]},{\"@type\":\"WebSite\",\"@id\":\"https:\\\/\\\/www.hotel-maritimo.hr\\\/#website\",\"url\":\"https:\\\/\\\/www.hotel-maritimo.hr\\\/\",\"name\":\"Hotel Maritimo\",\"description\":\"\",\"potentialAction\":[{\"@type\":\"SearchAction\",\"target\":{\"@type\":\"EntryPoint\",\"urlTemplate\":\"https:\\\/\\\/www.hotel-maritimo.hr\\\/?s={search_term_string}\"},\"query-input\":{\"@type\":\"PropertyValueSpecification\",\"valueRequired\":true,\"valueName\":\"search_term_string\"}}],\"inLanguage\":\"it-IT\"}]}<\/script>\n<!-- \/ Yoast SEO plugin. -->","yoast_head_json":{"title":"La destinazione - Hotel Maritimo","description":"Makarska \u00e8 una cittadina pittoresca di bellezza imponente che vive di turismo e per il turismo, luogo di giovent\u00f9, di cultura, di sport e di divertimento.","robots":{"index":"index","follow":"follow","max-snippet":"max-snippet:-1","max-image-preview":"max-image-preview:large","max-video-preview":"max-video-preview:-1"},"canonical":"https:\/\/www.hotel-maritimo.hr\/it\/la-destinazione\/","og_locale":"it_IT","og_type":"article","og_title":"La destinazione - Hotel Maritimo","og_description":"Makarska \u00e8 una cittadina pittoresca di bellezza imponente che vive di turismo e per il turismo, luogo di giovent\u00f9, di cultura, di sport e di divertimento.","og_url":"https:\/\/www.hotel-maritimo.hr\/it\/la-destinazione\/","og_site_name":"Hotel Maritimo","article_modified_time":"2025-10-28T12:47:00+00:00","twitter_card":"summary_large_image","twitter_misc":{"Tempo di lettura stimato":"2 minuti"},"schema":{"@context":"https:\/\/schema.org","@graph":[{"@type":"WebPage","@id":"https:\/\/www.hotel-maritimo.hr\/it\/la-destinazione\/","url":"https:\/\/www.hotel-maritimo.hr\/it\/la-destinazione\/","name":"La destinazione - Hotel Maritimo","isPartOf":{"@id":"https:\/\/www.hotel-maritimo.hr\/#website"},"datePublished":"2016-08-16T08:12:17+00:00","dateModified":"2025-10-28T12:47:00+00:00","description":"Makarska \u00e8 una cittadina pittoresca di bellezza imponente che vive di turismo e per il turismo, luogo di giovent\u00f9, di cultura, di sport e di divertimento.","breadcrumb":{"@id":"https:\/\/www.hotel-maritimo.hr\/it\/la-destinazione\/#breadcrumb"},"inLanguage":"it-IT","potentialAction":[{"@type":"ReadAction","target":["https:\/\/www.hotel-maritimo.hr\/it\/la-destinazione\/"]}]},{"@type":"BreadcrumbList","@id":"https:\/\/www.hotel-maritimo.hr\/it\/la-destinazione\/#breadcrumb","itemListElement":[{"@type":"ListItem","position":1,"name":"Home","item":"https:\/\/www.hotel-maritimo.hr\/it\/"},{"@type":"ListItem","position":2,"name":"La destinazione"}]},{"@type":"WebSite","@id":"https:\/\/www.hotel-maritimo.hr\/#website","url":"https:\/\/www.hotel-maritimo.hr\/","name":"Hotel Maritimo","description":"","potentialAction":[{"@type":"SearchAction","target":{"@type":"EntryPoint","urlTemplate":"https:\/\/www.hotel-maritimo.hr\/?s={search_term_string}"},"query-input":{"@type":"PropertyValueSpecification","valueRequired":true,"valueName":"search_term_string"}}],"inLanguage":"it-IT"}]}},"_links":{"self":[{"href":"https:\/\/www.hotel-maritimo.hr\/it\/wp-json\/wp\/v2\/pages\/1018","targetHints":{"allow":["GET"]}}],"collection":[{"href":"https:\/\/www.hotel-maritimo.hr\/it\/wp-json\/wp\/v2\/pages"}],"about":[{"href":"https:\/\/www.hotel-maritimo.hr\/it\/wp-json\/wp\/v2\/types\/page"}],"author":[{"embeddable":true,"href":"https:\/\/www.hotel-maritimo.hr\/it\/wp-json\/wp\/v2\/users\/3"}],"replies":[{"embeddable":true,"href":"https:\/\/www.hotel-maritimo.hr\/it\/wp-json\/wp\/v2\/comments?post=1018"}],"version-history":[{"count":5,"href":"https:\/\/www.hotel-maritimo.hr\/it\/wp-json\/wp\/v2\/pages\/1018\/revisions"}],"predecessor-version":[{"id":4013,"href":"https:\/\/www.hotel-maritimo.hr\/it\/wp-json\/wp\/v2\/pages\/1018\/revisions\/4013"}],"wp:attachment":[{"href":"https:\/\/www.hotel-maritimo.hr\/it\/wp-json\/wp\/v2\/media?parent=1018"}],"curies":[{"name":"wp","href":"https:\/\/api.w.org\/{rel}","templated":true}]}}