{"id":1335,"date":"2016-11-03T14:38:38","date_gmt":"2016-11-03T13:38:38","guid":{"rendered":"http:\/\/www.hotel-maritimo.hr\/en\/?page_id=1335"},"modified":"2020-06-23T12:27:48","modified_gmt":"2020-06-23T10:27:48","slug":"impressum","status":"publish","type":"page","link":"https:\/\/www.hotel-maritimo.hr\/en\/about\/impressum\/","title":{"rendered":"Impressum"},"content":{"rendered":"<p><\/p>\n<div class=\"text\">\n<p>VIRTUS MARITIMA d.o.o.<\/p>\n<p>Ru\u0111era Bo\u0161kovi\u0107a 12<\/p>\n<p>21 300 Makarska, Croatia<\/p>\n<p>OIB: 13981706110<\/p>\n<p>MB: 1830660<\/p>\n<p>IBAN: HR2724020061100521966 in Erste&#038; Steierm\u00e4rkische Bank d.d., Jadranski trg 3A, 51 000 Rijeka<\/p>\n<p>SWIFT: ESBCHR22<\/p>\n<p>Temeljni kapital dru\u0161tva 4.120.000,00 kn | \u010dlanovi uprave: Borislav i Ton\u0107i Vukovi\u0107.<\/p>\n<\/div>\n","protected":false},"excerpt":{"rendered":"<p>VIRTUS MARITIMA d.o.o. Ru\u0111era Bo\u0161kovi\u0107a 12 21 300 Makarska, Croatia OIB: 13981706110 MB: 1830660 IBAN: HR2724020061100521966 in Erste&#038; Steierm\u00e4rkische Bank d.d., Jadranski trg 3A, 51 000 Rijeka SWIFT: ESBCHR22 Temeljni kapital dru\u0161tva 4.120.000,00 kn | \u010dlanovi uprave: Borislav i Ton\u0107i Vukovi\u0107.<\/p>\n","protected":false},"author":3,"featured_media":0,"parent":38,"menu_order":0,"comment_status":"closed","ping_status":"closed","template":"","meta":{"footnotes":""},"class_list":["post-1335","page","type-page","status-publish","hentry"],"yoast_head":"<!-- This site is optimized with the Yoast SEO plugin v27.3 - https:\/\/yoast.com\/product\/yoast-seo-wordpress\/ -->\n<title>Impressum - Hotel Maritimo<\/title>\n<meta name=\"robots\" content=\"index, follow, max-snippet:-1, max-image-preview:large, max-video-preview:-1\" \/>\n<link rel=\"canonical\" href=\"https:\/\/www.hotel-maritimo.hr\/en\/about\/impressum\/\" \/>\n<meta property=\"og:locale\" content=\"en_GB\" \/>\n<meta property=\"og:type\" content=\"article\" \/>\n<meta property=\"og:title\" content=\"Impressum - Hotel Maritimo\" \/>\n<meta property=\"og:description\" content=\"VIRTUS MARITIMA d.o.o. Ru\u0111era Bo\u0161kovi\u0107a 12 21 300 Makarska, Croatia OIB: 13981706110 MB: 1830660 IBAN: HR2724020061100521966 in Erste&#038; Steierm\u00e4rkische Bank d.d., Jadranski trg 3A, 51 000 Rijeka SWIFT: ESBCHR22 Temeljni kapital dru\u0161tva 4.120.000,00 kn | \u010dlanovi uprave: Borislav i Ton\u0107i Vukovi\u0107.\" \/>\n<meta property=\"og:url\" content=\"https:\/\/www.hotel-maritimo.hr\/en\/about\/impressum\/\" \/>\n<meta property=\"og:site_name\" content=\"Hotel Maritimo\" \/>\n<meta property=\"article:modified_time\" content=\"2020-06-23T10:27:48+00:00\" \/>\n<meta name=\"twitter:card\" content=\"summary_large_image\" \/>\n<script type=\"application\/ld+json\" class=\"yoast-schema-graph\">{\"@context\":\"https:\\\/\\\/schema.org\",\"@graph\":[{\"@type\":\"WebPage\",\"@id\":\"https:\\\/\\\/www.hotel-maritimo.hr\\\/en\\\/about\\\/impressum\\\/\",\"url\":\"https:\\\/\\\/www.hotel-maritimo.hr\\\/en\\\/about\\\/impressum\\\/\",\"name\":\"Impressum - Hotel Maritimo\",\"isPartOf\":{\"@id\":\"https:\\\/\\\/www.hotel-maritimo.hr\\\/#website\"},\"datePublished\":\"2016-11-03T13:38:38+00:00\",\"dateModified\":\"2020-06-23T10:27:48+00:00\",\"breadcrumb\":{\"@id\":\"https:\\\/\\\/www.hotel-maritimo.hr\\\/en\\\/about\\\/impressum\\\/#breadcrumb\"},\"inLanguage\":\"en-GB\",\"potentialAction\":[{\"@type\":\"ReadAction\",\"target\":[\"https:\\\/\\\/www.hotel-maritimo.hr\\\/en\\\/about\\\/impressum\\\/\"]}]},{\"@type\":\"BreadcrumbList\",\"@id\":\"https:\\\/\\\/www.hotel-maritimo.hr\\\/en\\\/about\\\/impressum\\\/#breadcrumb\",\"itemListElement\":[{\"@type\":\"ListItem\",\"position\":1,\"name\":\"Home\",\"item\":\"https:\\\/\\\/www.hotel-maritimo.hr\\\/en\\\/\"},{\"@type\":\"ListItem\",\"position\":2,\"name\":\"About us\",\"item\":\"https:\\\/\\\/www.hotel-maritimo.hr\\\/en\\\/about\\\/\"},{\"@type\":\"ListItem\",\"position\":3,\"name\":\"Impressum\"}]},{\"@type\":\"WebSite\",\"@id\":\"https:\\\/\\\/www.hotel-maritimo.hr\\\/#website\",\"url\":\"https:\\\/\\\/www.hotel-maritimo.hr\\\/\",\"name\":\"Hotel Maritimo\",\"description\":\"\",\"potentialAction\":[{\"@type\":\"SearchAction\",\"target\":{\"@type\":\"EntryPoint\",\"urlTemplate\":\"https:\\\/\\\/www.hotel-maritimo.hr\\\/?s={search_term_string}\"},\"query-input\":{\"@type\":\"PropertyValueSpecification\",\"valueRequired\":true,\"valueName\":\"search_term_string\"}}],\"inLanguage\":\"en-GB\"}]}<\/script>\n<!-- \/ Yoast SEO plugin. -->","yoast_head_json":{"title":"Impressum - Hotel Maritimo","robots":{"index":"index","follow":"follow","max-snippet":"max-snippet:-1","max-image-preview":"max-image-preview:large","max-video-preview":"max-video-preview:-1"},"canonical":"https:\/\/www.hotel-maritimo.hr\/en\/about\/impressum\/","og_locale":"en_GB","og_type":"article","og_title":"Impressum - Hotel Maritimo","og_description":"VIRTUS MARITIMA d.o.o. Ru\u0111era Bo\u0161kovi\u0107a 12 21 300 Makarska, Croatia OIB: 13981706110 MB: 1830660 IBAN: HR2724020061100521966 in Erste&#038; Steierm\u00e4rkische Bank d.d., Jadranski trg 3A, 51 000 Rijeka SWIFT: ESBCHR22 Temeljni kapital dru\u0161tva 4.120.000,00 kn | \u010dlanovi uprave: Borislav i Ton\u0107i Vukovi\u0107.","og_url":"https:\/\/www.hotel-maritimo.hr\/en\/about\/impressum\/","og_site_name":"Hotel Maritimo","article_modified_time":"2020-06-23T10:27:48+00:00","twitter_card":"summary_large_image","schema":{"@context":"https:\/\/schema.org","@graph":[{"@type":"WebPage","@id":"https:\/\/www.hotel-maritimo.hr\/en\/about\/impressum\/","url":"https:\/\/www.hotel-maritimo.hr\/en\/about\/impressum\/","name":"Impressum - Hotel Maritimo","isPartOf":{"@id":"https:\/\/www.hotel-maritimo.hr\/#website"},"datePublished":"2016-11-03T13:38:38+00:00","dateModified":"2020-06-23T10:27:48+00:00","breadcrumb":{"@id":"https:\/\/www.hotel-maritimo.hr\/en\/about\/impressum\/#breadcrumb"},"inLanguage":"en-GB","potentialAction":[{"@type":"ReadAction","target":["https:\/\/www.hotel-maritimo.hr\/en\/about\/impressum\/"]}]},{"@type":"BreadcrumbList","@id":"https:\/\/www.hotel-maritimo.hr\/en\/about\/impressum\/#breadcrumb","itemListElement":[{"@type":"ListItem","position":1,"name":"Home","item":"https:\/\/www.hotel-maritimo.hr\/en\/"},{"@type":"ListItem","position":2,"name":"About us","item":"https:\/\/www.hotel-maritimo.hr\/en\/about\/"},{"@type":"ListItem","position":3,"name":"Impressum"}]},{"@type":"WebSite","@id":"https:\/\/www.hotel-maritimo.hr\/#website","url":"https:\/\/www.hotel-maritimo.hr\/","name":"Hotel Maritimo","description":"","potentialAction":[{"@type":"SearchAction","target":{"@type":"EntryPoint","urlTemplate":"https:\/\/www.hotel-maritimo.hr\/?s={search_term_string}"},"query-input":{"@type":"PropertyValueSpecification","valueRequired":true,"valueName":"search_term_string"}}],"inLanguage":"en-GB"}]}},"_links":{"self":[{"href":"https:\/\/www.hotel-maritimo.hr\/en\/wp-json\/wp\/v2\/pages\/1335","targetHints":{"allow":["GET"]}}],"collection":[{"href":"https:\/\/www.hotel-maritimo.hr\/en\/wp-json\/wp\/v2\/pages"}],"about":[{"href":"https:\/\/www.hotel-maritimo.hr\/en\/wp-json\/wp\/v2\/types\/page"}],"author":[{"embeddable":true,"href":"https:\/\/www.hotel-maritimo.hr\/en\/wp-json\/wp\/v2\/users\/3"}],"replies":[{"embeddable":true,"href":"https:\/\/www.hotel-maritimo.hr\/en\/wp-json\/wp\/v2\/comments?post=1335"}],"version-history":[{"count":2,"href":"https:\/\/www.hotel-maritimo.hr\/en\/wp-json\/wp\/v2\/pages\/1335\/revisions"}],"predecessor-version":[{"id":1344,"href":"https:\/\/www.hotel-maritimo.hr\/en\/wp-json\/wp\/v2\/pages\/1335\/revisions\/1344"}],"up":[{"embeddable":true,"href":"https:\/\/www.hotel-maritimo.hr\/en\/wp-json\/wp\/v2\/pages\/38"}],"wp:attachment":[{"href":"https:\/\/www.hotel-maritimo.hr\/en\/wp-json\/wp\/v2\/media?parent=1335"}],"curies":[{"name":"wp","href":"https:\/\/api.w.org\/{rel}","templated":true}]}}