{"id":946,"date":"2016-08-11T20:21:13","date_gmt":"2016-08-11T18:21:13","guid":{"rendered":"http:\/\/n4u.biz.hr\/hotel-maritimo.hr\/?page_id=946&#038;lang=de"},"modified":"2025-10-28T13:11:32","modified_gmt":"2025-10-28T12:11:32","slug":"kontakt","status":"publish","type":"page","link":"https:\/\/www.hotel-maritimo.hr\/de\/kontakt\/","title":{"rendered":"Kontakt"},"content":{"rendered":"<div class=\"wpb-content-wrapper\">[vc_row full_width=&#8220;stretch_row&#8220; parallax=&#8220;content-moving&#8220; parallax_image=&#8220;789&#8243; enable_overlay=&#8220;true&#8220; bg_overlay=&#8220;rgba(0,0,0,0.12)&#8220;][vc_column]<div class=\"awe-special-heading text-center\" style=\"color:#ffffff;\"><h2>KONTAKT<\/h2><\/div>[\/vc_column][\/vc_row][vc_row][vc_column width=&#8220;1\/2&#8243;][vc_column_text size=&#8220;0&#8243;][vc_raw_html]JTNDZGl2JTIwY2xhc3MlM0QlMjJjb250YWN0JTIyJTNFJTBBJTNDaDQlM0VIb3RlbCUyME1hcml0aW1vJTJBJTJBJTJBJTNDJTJGaDQlM0UlMEElMDklM0N1bCUyMGNsYXNzJTNEJTIydGV4dCUyMiUzRSUwQSUwOSUyMCUyMCUyMCUyMCUzQ2xpJTNFJTNDaSUyMGNsYXNzJTNEJTIyaWNvbiUyMGhpbGx0ZXItaWNvbi1sb2NhdGlvbiUyMiUzRSUzQyUyRmklM0UlMjBQdXQlMjBDdml0YSVDNCU4RGtlJTIwMmElMkMlMjAyMSUyMDMwMCUyME1ha2Fyc2thJTJDJTIwQ3JvYXRpYSUzQyUyRmxpJTNFJTBBJTA5JTIwJTIwJTIwJTIwJTNDbGklM0UlM0NpJTIwY2xhc3MlM0QlMjJpY29uJTIwaGlsbHRlci1pY29uLXBob25lJTIyJTNFJTNDJTJGaSUzRSUyMCUyQjM4NSUyMDIxJTIwNjE5JTIwOTAwJTJDJTIwJTJCJTIwMzg1JTIwMjElMjA2NzklMjAwNDElMkMlMjAlMkIzODUlMjA5MSUyMDYwNDUlMjA2NzYlM0MlMkZsaSUzRSUwQSUwOSUyMCUyMCUyMCUyMCUzQ2xpJTNFJTNDaSUyMGNsYXNzJTNEJTIyaWNvbiUyMGhpbGx0ZXItaWNvbi10ZWxlcGhvbmUlMjIlM0UlM0MlMkZpJTNFJTIwJTJCMzg1JTIwMjElMjA2MTklMjA5MTAlM0MlMkZsaSUzRSUwQSUwOSUyMCUyMCUyMCUyMCUzQ2xpJTNFJTNDaSUyMGNsYXNzJTNEJTIyaWNvbiUyMGZhJTIwZmEtZW52ZWxvcGUtbyUyMiUzRSUzQyUyRmklM0VFLW1haWwlM0ElMjAlM0NhJTIwaHJlZiUzRCUyMm1haWx0byUzQWluZm8lNDBob3RlbC1tYXJpdGltby5ociUyMiUzRWluZm8lNDBob3RlbC1tYXJpdGltby5ociUzQyUyRmElM0UlM0MlMkZsaSUzRSUwQSUwOSUzQyUyRnVsJTNFJTBBJTNDJTJGZGl2JTNF[\/vc_raw_html][\/vc_column][vc_column width=&#8220;1\/2&#8243;]\n<div class=\"wpcf7 no-js\" id=\"wpcf7-f1186-o1\" lang=\"hr-HR\" dir=\"ltr\" data-wpcf7-id=\"1186\">\n<div class=\"screen-reader-response\"><p role=\"status\" aria-live=\"polite\" aria-atomic=\"true\"><\/p> <ul><\/ul><\/div>\n<form action=\"\/de\/wp-json\/wp\/v2\/pages\/946#wpcf7-f1186-o1\" method=\"post\" class=\"wpcf7-form init\" aria-label=\"Contact form\" novalidate=\"novalidate\" data-status=\"init\">\n<fieldset class=\"hidden-fields-container\"><input type=\"hidden\" name=\"_wpcf7\" value=\"1186\" \/><input type=\"hidden\" name=\"_wpcf7_version\" value=\"6.1.5\" \/><input type=\"hidden\" name=\"_wpcf7_locale\" value=\"hr_HR\" \/><input type=\"hidden\" name=\"_wpcf7_unit_tag\" value=\"wpcf7-f1186-o1\" \/><input type=\"hidden\" name=\"_wpcf7_container_post\" value=\"0\" \/><input type=\"hidden\" name=\"_wpcf7_posted_data_hash\" value=\"\" \/><input type=\"hidden\" name=\"_wpcf7_recaptcha_response\" value=\"\" \/>\n<\/fieldset>\n<p>Ihre Name\n<\/p>\n<p><span class=\"wpcf7-form-control-wrap\" data-name=\"your-name\"><input size=\"40\" maxlength=\"400\" class=\"wpcf7-form-control wpcf7-text wpcf7-validates-as-required\" aria-required=\"true\" aria-invalid=\"false\" value=\"\" type=\"text\" name=\"your-name\" \/><\/span>\n<\/p>\n<p>Ihre Email Adresse:\n<\/p>\n<p><span class=\"wpcf7-form-control-wrap\" data-name=\"your-email\"><input size=\"40\" maxlength=\"400\" class=\"wpcf7-form-control wpcf7-email wpcf7-validates-as-required wpcf7-text wpcf7-validates-as-email\" aria-required=\"true\" aria-invalid=\"false\" value=\"\" type=\"email\" name=\"your-email\" \/><\/span>\n<\/p>\n<p>\u00dcberschrift:\n<\/p>\n<p><span class=\"wpcf7-form-control-wrap\" data-name=\"your-subject\"><input size=\"40\" maxlength=\"400\" class=\"wpcf7-form-control wpcf7-text\" aria-invalid=\"false\" value=\"\" type=\"text\" name=\"your-subject\" \/><\/span>\n<\/p>\n<p>Kommentar, Anregung oder Anfrage:\n<\/p>\n<p><span class=\"wpcf7-form-control-wrap\" data-name=\"your-message\"><textarea cols=\"40\" rows=\"10\" maxlength=\"2000\" class=\"wpcf7-form-control wpcf7-textarea\" aria-invalid=\"false\" name=\"your-message\"><\/textarea><\/span>\n<\/p>\n\n<p><input class=\"wpcf7-form-control wpcf7-submit has-spinner\" type=\"submit\" value=\"Senden\" \/>\n<\/p><div class=\"wpcf7-response-output\" aria-hidden=\"true\"><\/div>\n<\/form>\n<\/div>\n[vc_column_text size=&#8220;0&#8243;][vc_wp_text]Ihre Daten werden auf dem E-Mail-Server gespeichert und ausschlie\u00dflich f\u00fcr die Kommunikation mit Ihnen auf der eingereichten Anfrage verwendet und nicht ohne Ihr ausdr\u00fcckliches Privileg an Dritte weitergegeben.[\/vc_wp_text][\/vc_column][\/vc_row][vc_row full_width=&#8220;stretch_row_content_no_spaces&#8220; css=&#8220;.vc_custom_1440979319669{margin-bottom: 0px !important;}&#8220;][vc_column][vc_empty_space][\/vc_column][\/vc_row][vc_row][vc_column][vc_column_text][\/vc_column][\/vc_row][vc_row full_width=&#8220;stretch_row_content_no_spaces&#8220; css=&#8220;.vc_custom_1440979319669{margin-bottom: 0px !important;}&#8220;][vc_column][vc_empty_space][vc_raw_html css=&#8220;&#8220;]JTNDaWZyYW1lJTIwc2FuZGJveCUzRCUyMmFsbG93LXNjcmlwdHMlMjBhbGxvdy1zYW1lLW9yaWdpbiUyMGFsbG93LXBvcHVwcyUyMiUyMHNyYyUzRCUyMmh0dHBzJTNBJTJGJTJGd3d3Lmdvb2dsZS5jb20lMkZtYXBzJTJGZW1iZWQlM0ZwYiUzRCUyMTFtMTglMjExbTEyJTIxMW0zJTIxMWQyOTAzLjU3MjI3NDgzNTU2MDYlMjEyZDE3LjAwNjk5MDkxNDc5NDk3NiUyMTNkNDMuMzAyMjc4Mjc5MTM0ODQ2JTIxMm0zJTIxMWYwJTIxMmYwJTIxM2YwJTIxM20yJTIxMWkxMDI0JTIxMmk3NjglMjE0ZjEzLjElMjEzbTMlMjExbTIlMjExczB4MTM0YWVlNzhlYTNmMDA4OSUyNTNBMHhmMzVjZTNjZjE0MTZlMWJjJTIxMnNIb3RlbCUyNTIwTWFyaXRpbW8lMjUyME1ha2Fyc2thJTIxNWUwJTIxM20yJTIxMXNlbiUyMTJzaHIlMjE0djE1NzMzNzY2NjE1NzIlMjE1bTIlMjExc2VuJTIxMnNociUyMiUyMHdpZHRoJTNEJTIyMTAwJTI1JTIyJTIwaGVpZ2h0JTNEJTIyNDUwJTIyJTIwZnJhbWVib3JkZXIlM0QlMjIwJTIyJTIwc3R5bGUlM0QlMjJib3JkZXIlM0EwJTNCJTIyJTIwYWxsb3dmdWxsc2NyZWVuJTNEJTIyJTIyJTNFJTNDJTJGaWZyYW1lJTNF[\/vc_raw_html][\/vc_column][\/vc_row]\n<\/div>","protected":false},"excerpt":{"rendered":"<p>[vc_row full_width=&#8220;stretch_row&#8220; parallax=&#8220;content-moving&#8220; parallax_image=&#8220;789&#8243; enable_overlay=&#8220;true&#8220; bg_overlay=&#8220;rgba(0,0,0,0.12)&#8220;][vc_column][\/vc_column][\/vc_row][vc_row][vc_column width=&#8220;1\/2&#8243;][vc_column_text size=&#8220;0&#8243;][vc_raw_html]JTNDZGl2JTIwY2xhc3MlM0QlMjJjb250YWN0JTIyJTNFJTBBJTNDaDQlM0VIb3RlbCUyME1hcml0aW1vJTJBJTJBJTJBJTNDJTJGaDQlM0UlMEElMDklM0N1bCUyMGNsYXNzJTNEJTIydGV4dCUyMiUzRSUwQSUwOSUyMCUyMCUyMCUyMCUzQ2xpJTNFJTNDaSUyMGNsYXNzJTNEJTIyaWNvbiUyMGhpbGx0ZXItaWNvbi1sb2NhdGlvbiUyMiUzRSUzQyUyRmklM0UlMjBQdXQlMjBDdml0YSVDNCU4RGtlJTIwMmElMkMlMjAyMSUyMDMwMCUyME1ha2Fyc2thJTJDJTIwQ3JvYXRpYSUzQyUyRmxpJTNFJTBBJTA5JTIwJTIwJTIwJTIwJTNDbGklM0UlM0NpJTIwY2xhc3MlM0QlMjJpY29uJTIwaGlsbHRlci1pY29uLXBob25lJTIyJTNFJTNDJTJGaSUzRSUyMCUyQjM4NSUyMDIxJTIwNjE5JTIwOTAwJTJDJTIwJTJCJTIwMzg1JTIwMjElMjA2NzklMjAwNDElMkMlMjAlMkIzODUlMjA5MSUyMDYwNDUlMjA2NzYlM0MlMkZsaSUzRSUwQSUwOSUyMCUyMCUyMCUyMCUzQ2xpJTNFJTNDaSUyMGNsYXNzJTNEJTIyaWNvbiUyMGhpbGx0ZXItaWNvbi10ZWxlcGhvbmUlMjIlM0UlM0MlMkZpJTNFJTIwJTJCMzg1JTIwMjElMjA2MTklMjA5MTAlM0MlMkZsaSUzRSUwQSUwOSUyMCUyMCUyMCUyMCUzQ2xpJTNFJTNDaSUyMGNsYXNzJTNEJTIyaWNvbiUyMGZhJTIwZmEtZW52ZWxvcGUtbyUyMiUzRSUzQyUyRmklM0VFLW1haWwlM0ElMjAlM0NhJTIwaHJlZiUzRCUyMm1haWx0byUzQWluZm8lNDBob3RlbC1tYXJpdGltby5ociUyMiUzRWluZm8lNDBob3RlbC1tYXJpdGltby5ociUzQyUyRmElM0UlM0MlMkZsaSUzRSUwQSUwOSUzQyUyRnVsJTNFJTBBJTNDJTJGZGl2JTNF[\/vc_raw_html][\/vc_column][vc_column width=&#8220;1\/2&#8243;][vc_column_text size=&#8220;0&#8243;][vc_wp_text]Ihre Daten werden auf dem E-Mail-Server gespeichert und ausschlie\u00dflich f\u00fcr die Kommunikation mit Ihnen auf der eingereichten Anfrage verwendet und nicht ohne Ihr ausdr\u00fcckliches Privileg an Dritte weitergegeben.[\/vc_wp_text][\/vc_column][\/vc_row][vc_row full_width=&#8220;stretch_row_content_no_spaces&#8220; css=&#8220;.vc_custom_1440979319669{margin-bottom: 0px !important;}&#8220;][vc_column][vc_empty_space][\/vc_column][\/vc_row][vc_row][vc_column][vc_column_text][\/vc_column][\/vc_row][vc_row full_width=&#8220;stretch_row_content_no_spaces&#8220; css=&#8220;.vc_custom_1440979319669{margin-bottom: 0px !important;}&#8220;][vc_column][vc_empty_space][vc_raw_html css=&#8220;&#8220;]JTNDaWZyYW1lJTIwc2FuZGJveCUzRCUyMmFsbG93LXNjcmlwdHMlMjBhbGxvdy1zYW1lLW9yaWdpbiUyMGFsbG93LXBvcHVwcyUyMiUyMHNyYyUzRCUyMmh0dHBzJTNBJTJGJTJGd3d3Lmdvb2dsZS5jb20lMkZtYXBzJTJGZW1iZWQlM0ZwYiUzRCUyMTFtMTglMjExbTEyJTIxMW0zJTIxMWQyOTAzLjU3MjI3NDgzNTU2MDYlMjEyZDE3LjAwNjk5MDkxNDc5NDk3NiUyMTNkNDMuMzAyMjc4Mjc5MTM0ODQ2JTIxMm0zJTIxMWYwJTIxMmYwJTIxM2YwJTIxM20yJTIxMWkxMDI0JTIxMmk3NjglMjE0ZjEzLjElMjEzbTMlMjExbTIlMjExczB4MTM0YWVlNzhlYTNmMDA4OSUyNTNBMHhmMzVjZTNjZjE0MTZlMWJjJTIxMnNIb3RlbCUyNTIwTWFyaXRpbW8lMjUyME1ha2Fyc2thJTIxNWUwJTIxM20yJTIxMXNlbiUyMTJzaHIlMjE0djE1NzMzNzY2NjE1NzIlMjE1bTIlMjExc2VuJTIxMnNociUyMiUyMHdpZHRoJTNEJTIyMTAwJTI1JTIyJTIwaGVpZ2h0JTNEJTIyNDUwJTIyJTIwZnJhbWVib3JkZXIlM0QlMjIwJTIyJTIwc3R5bGUlM0QlMjJib3JkZXIlM0EwJTNCJTIyJTIwYWxsb3dmdWxsc2NyZWVuJTNEJTIyJTIyJTNFJTNDJTJGaWZyYW1lJTNF[\/vc_raw_html][\/vc_column][\/vc_row]<\/p>\n","protected":false},"author":3,"featured_media":0,"parent":0,"menu_order":0,"comment_status":"closed","ping_status":"closed","template":"","meta":{"footnotes":""},"class_list":["post-946","page","type-page","status-publish","hentry"],"yoast_head":"<!-- This site is optimized with the Yoast SEO plugin v27.3 - https:\/\/yoast.com\/product\/yoast-seo-wordpress\/ -->\n<title>Kontakt - Hotel Maritimo<\/title>\n<meta name=\"description\" content=\"Hotel Maritimo Makarska - Kontakt.\" \/>\n<meta name=\"robots\" content=\"index, follow, max-snippet:-1, max-image-preview:large, max-video-preview:-1\" \/>\n<link rel=\"canonical\" href=\"https:\/\/www.hotel-maritimo.hr\/de\/kontakt\/\" \/>\n<meta property=\"og:locale\" content=\"de_DE\" \/>\n<meta property=\"og:type\" content=\"article\" \/>\n<meta property=\"og:title\" content=\"Kontakt - Hotel Maritimo\" \/>\n<meta property=\"og:description\" content=\"Hotel Maritimo Makarska - Kontakt.\" \/>\n<meta property=\"og:url\" content=\"https:\/\/www.hotel-maritimo.hr\/de\/kontakt\/\" \/>\n<meta property=\"og:site_name\" content=\"Hotel Maritimo\" \/>\n<meta property=\"article:modified_time\" content=\"2025-10-28T12:11:32+00:00\" \/>\n<meta name=\"twitter:card\" content=\"summary_large_image\" \/>\n<meta name=\"twitter:label1\" content=\"Gesch\u00e4tzte Lesezeit\" \/>\n\t<meta name=\"twitter:data1\" content=\"1\u00a0Minute\" \/>\n<script type=\"application\/ld+json\" class=\"yoast-schema-graph\">{\"@context\":\"https:\\\/\\\/schema.org\",\"@graph\":[{\"@type\":\"WebPage\",\"@id\":\"https:\\\/\\\/www.hotel-maritimo.hr\\\/de\\\/kontakt\\\/\",\"url\":\"https:\\\/\\\/www.hotel-maritimo.hr\\\/de\\\/kontakt\\\/\",\"name\":\"Kontakt - Hotel Maritimo\",\"isPartOf\":{\"@id\":\"https:\\\/\\\/www.hotel-maritimo.hr\\\/#website\"},\"datePublished\":\"2016-08-11T18:21:13+00:00\",\"dateModified\":\"2025-10-28T12:11:32+00:00\",\"description\":\"Hotel Maritimo Makarska - Kontakt.\",\"breadcrumb\":{\"@id\":\"https:\\\/\\\/www.hotel-maritimo.hr\\\/de\\\/kontakt\\\/#breadcrumb\"},\"inLanguage\":\"de\",\"potentialAction\":[{\"@type\":\"ReadAction\",\"target\":[\"https:\\\/\\\/www.hotel-maritimo.hr\\\/de\\\/kontakt\\\/\"]}]},{\"@type\":\"BreadcrumbList\",\"@id\":\"https:\\\/\\\/www.hotel-maritimo.hr\\\/de\\\/kontakt\\\/#breadcrumb\",\"itemListElement\":[{\"@type\":\"ListItem\",\"position\":1,\"name\":\"Home\",\"item\":\"https:\\\/\\\/www.hotel-maritimo.hr\\\/de\\\/\"},{\"@type\":\"ListItem\",\"position\":2,\"name\":\"Kontakt\"}]},{\"@type\":\"WebSite\",\"@id\":\"https:\\\/\\\/www.hotel-maritimo.hr\\\/#website\",\"url\":\"https:\\\/\\\/www.hotel-maritimo.hr\\\/\",\"name\":\"Hotel Maritimo\",\"description\":\"\",\"potentialAction\":[{\"@type\":\"SearchAction\",\"target\":{\"@type\":\"EntryPoint\",\"urlTemplate\":\"https:\\\/\\\/www.hotel-maritimo.hr\\\/?s={search_term_string}\"},\"query-input\":{\"@type\":\"PropertyValueSpecification\",\"valueRequired\":true,\"valueName\":\"search_term_string\"}}],\"inLanguage\":\"de\"}]}<\/script>\n<!-- \/ Yoast SEO plugin. -->","yoast_head_json":{"title":"Kontakt - Hotel Maritimo","description":"Hotel Maritimo Makarska - Kontakt.","robots":{"index":"index","follow":"follow","max-snippet":"max-snippet:-1","max-image-preview":"max-image-preview:large","max-video-preview":"max-video-preview:-1"},"canonical":"https:\/\/www.hotel-maritimo.hr\/de\/kontakt\/","og_locale":"de_DE","og_type":"article","og_title":"Kontakt - Hotel Maritimo","og_description":"Hotel Maritimo Makarska - Kontakt.","og_url":"https:\/\/www.hotel-maritimo.hr\/de\/kontakt\/","og_site_name":"Hotel Maritimo","article_modified_time":"2025-10-28T12:11:32+00:00","twitter_card":"summary_large_image","twitter_misc":{"Gesch\u00e4tzte Lesezeit":"1\u00a0Minute"},"schema":{"@context":"https:\/\/schema.org","@graph":[{"@type":"WebPage","@id":"https:\/\/www.hotel-maritimo.hr\/de\/kontakt\/","url":"https:\/\/www.hotel-maritimo.hr\/de\/kontakt\/","name":"Kontakt - Hotel Maritimo","isPartOf":{"@id":"https:\/\/www.hotel-maritimo.hr\/#website"},"datePublished":"2016-08-11T18:21:13+00:00","dateModified":"2025-10-28T12:11:32+00:00","description":"Hotel Maritimo Makarska - Kontakt.","breadcrumb":{"@id":"https:\/\/www.hotel-maritimo.hr\/de\/kontakt\/#breadcrumb"},"inLanguage":"de","potentialAction":[{"@type":"ReadAction","target":["https:\/\/www.hotel-maritimo.hr\/de\/kontakt\/"]}]},{"@type":"BreadcrumbList","@id":"https:\/\/www.hotel-maritimo.hr\/de\/kontakt\/#breadcrumb","itemListElement":[{"@type":"ListItem","position":1,"name":"Home","item":"https:\/\/www.hotel-maritimo.hr\/de\/"},{"@type":"ListItem","position":2,"name":"Kontakt"}]},{"@type":"WebSite","@id":"https:\/\/www.hotel-maritimo.hr\/#website","url":"https:\/\/www.hotel-maritimo.hr\/","name":"Hotel Maritimo","description":"","potentialAction":[{"@type":"SearchAction","target":{"@type":"EntryPoint","urlTemplate":"https:\/\/www.hotel-maritimo.hr\/?s={search_term_string}"},"query-input":{"@type":"PropertyValueSpecification","valueRequired":true,"valueName":"search_term_string"}}],"inLanguage":"de"}]}},"_links":{"self":[{"href":"https:\/\/www.hotel-maritimo.hr\/de\/wp-json\/wp\/v2\/pages\/946","targetHints":{"allow":["GET"]}}],"collection":[{"href":"https:\/\/www.hotel-maritimo.hr\/de\/wp-json\/wp\/v2\/pages"}],"about":[{"href":"https:\/\/www.hotel-maritimo.hr\/de\/wp-json\/wp\/v2\/types\/page"}],"author":[{"embeddable":true,"href":"https:\/\/www.hotel-maritimo.hr\/de\/wp-json\/wp\/v2\/users\/3"}],"replies":[{"embeddable":true,"href":"https:\/\/www.hotel-maritimo.hr\/de\/wp-json\/wp\/v2\/comments?post=946"}],"version-history":[{"count":7,"href":"https:\/\/www.hotel-maritimo.hr\/de\/wp-json\/wp\/v2\/pages\/946\/revisions"}],"predecessor-version":[{"id":3983,"href":"https:\/\/www.hotel-maritimo.hr\/de\/wp-json\/wp\/v2\/pages\/946\/revisions\/3983"}],"wp:attachment":[{"href":"https:\/\/www.hotel-maritimo.hr\/de\/wp-json\/wp\/v2\/media?parent=946"}],"curies":[{"name":"wp","href":"https:\/\/api.w.org\/{rel}","templated":true}]}}