{"id":940,"date":"2016-08-11T20:15:05","date_gmt":"2016-08-11T18:15:05","guid":{"rendered":"http:\/\/n4u.biz.hr\/hotel-maritimo.hr\/?page_id=940&#038;lang=de"},"modified":"2025-10-28T13:59:15","modified_gmt":"2025-10-28T12:59:15","slug":"restaurant","status":"publish","type":"page","link":"https:\/\/www.hotel-maritimo.hr\/de\/restaurant\/","title":{"rendered":"Restaurant"},"content":{"rendered":"<div class=\"wpb-content-wrapper\">[vc_row full_width=&#8220;stretch_row&#8220; parallax=&#8220;content-moving&#8220; parallax_image=&#8220;1116&#8243; enable_overlay=&#8220;true&#8220; bg_overlay=&#8220;rgba(0,0,0,0.2)&#8220; css=&#8220;.vc_custom_1471358827612{padding-top: 150px !important;padding-bottom: 80px !important;}&#8220;][vc_column]<div class=\"awe-special-heading text-center\" style=\"color:#ffffff;\"><h2>RESTAURANT<\/h2><\/div>[\/vc_column][\/vc_row][vc_row][vc_column]<div class=\"awe-special-heading text-left\"><h2>RESTAURANT<\/h2><\/div>[\/vc_column][\/vc_row][vc_row][vc_column width=&#8220;3\/4&#8243;][vc_wp_text]Das Restaurant mit auserw\u00e4hlten kulinarischen Spezialit\u00e4ten sorgt sich um das Wohl der G\u00e4ste, die aus allen Ecken der Welt kommen, und bietet eine reiche Auswahl an nationalen und internationalen Gerichten. Der Gast kann zwischen einer Pensionsverpflegung und dem Restaurant \u00e0 la carte w\u00e4hlen.[\/vc_wp_text][\/vc_column][\/vc_row][vc_row][vc_column]<div class=\"gallery\">\t\t\t<!--FILTER -->\r\n\t\t\t<div class=\"gallery-cat text-center\">\r\n\t\t\t\t<ul class=\"list-inline\">\r\n\t\t\t\t\t<li class=\"active\"><a href=\"#\" data-filter=\"*\">All<\/a><\/li>\r\n\t\t\t\t\t<li><a href=\"https:\/\/www.hotel-maritimo.hr\/de\/gallery_cat\/restaurant-de\/\" data-filter=\".restaurant-de\">Restaurant<\/a><\/li><li><a href=\"https:\/\/www.hotel-maritimo.hr\/de\/gallery_cat\/fruehstueck\/\" data-filter=\".fruehstueck\">Fr\u00fchst\u00fcck<\/a><\/li>\t\t\t\t<\/ul>\r\n\t\t\t<\/div>\r\n\t\t\t<!--END \/ FILTER -->\r\n\t\t\t\t\t<!-- GALLERY CONTENT -->\r\n\t\t\t<div class=\"gallery-content \">\r\n\t\t\t\t<div class=\"row\">\r\n\t\t\t\t\t<div class=\"gallery-isotope\">\r\n\t\t\t\t\t\t<!-- ITEM SIZE -->\r\n\t\t\t\t\t\t<div class=\"item-size col-xs-6 col-sm-4 col-md-6\"><\/div>\r\n\t\t\t\t\t\t<!-- END \/ ITEM SIZE -->\r\n\t\t\t\t\t\t<div class=\"item-isotope col-xs-6 col-sm-4 fruehstueck col-md-6\">\r\n\t\t\t\t<div class=\"gallery_item\">\r\n\t\t\t\t\t<a href = \"https:\/\/www.hotel-maritimo.hr\/wp-content\/uploads\/2016\/07\/Hotel-Maritimo-\u0161vedski-stol-14-of-21.jpg\" class=\"gallery-popup mfp-image\" title = \"Fr\u00fchst\u00fcck\" >\r\n\t\t\t\t\t\t\t<img loading=\"lazy\" decoding=\"async\" width=\"780\" height=\"521\" src=\"https:\/\/www.hotel-maritimo.hr\/wp-content\/uploads\/2016\/07\/Hotel-Maritimo-\u0161vedski-stol-14-of-21-1024x684.jpg\" class=\"attachment-large size-large wp-post-image\"  alt=\"Hotel-Maritimo-\u0161vedski-stol-14-of-21-1024x684\"  srcset=\"https:\/\/www.hotel-maritimo.hr\/wp-content\/uploads\/2016\/07\/Hotel-Maritimo-\u0161vedski-stol-14-of-21-1024x684.jpg 1024w, https:\/\/www.hotel-maritimo.hr\/wp-content\/uploads\/2016\/07\/Hotel-Maritimo-\u0161vedski-stol-14-of-21-300x200.jpg 300w, https:\/\/www.hotel-maritimo.hr\/wp-content\/uploads\/2016\/07\/Hotel-Maritimo-\u0161vedski-stol-14-of-21-768x513.jpg 768w\" sizes=\"auto, (max-width: 780px) 100vw, 780px\" \/>\r\n\t\t\t\t\t\t<\/a><a href=\"https:\/\/www.hotel-maritimo.hr\/wp-content\/uploads\/2016\/07\/Hotel-Maritimo-\u0161vedski-stol-21-of-21.jpg\" title=\"Fr\u00fchst\u00fcck\"><\/a><a href=\"https:\/\/www.hotel-maritimo.hr\/wp-content\/uploads\/2016\/07\/Hotel-Maritimo-\u0161vedski-stol-20-of-21.jpg\" title=\"Fr\u00fchst\u00fcck\"><\/a><a href=\"https:\/\/www.hotel-maritimo.hr\/wp-content\/uploads\/2016\/07\/Hotel-Maritimo-\u0161vedski-stol-19-of-21.jpg\" title=\"Fr\u00fchst\u00fcck\"><\/a><a href=\"https:\/\/www.hotel-maritimo.hr\/wp-content\/uploads\/2016\/07\/Hotel-Maritimo-\u0161vedski-stol-18-of-21.jpg\" title=\"Fr\u00fchst\u00fcck\"><\/a><a href=\"https:\/\/www.hotel-maritimo.hr\/wp-content\/uploads\/2016\/07\/Hotel-Maritimo-\u0161vedski-stol-17-of-21.jpg\" title=\"Fr\u00fchst\u00fcck\"><\/a><a href=\"https:\/\/www.hotel-maritimo.hr\/wp-content\/uploads\/2016\/07\/Hotel-Maritimo-\u0161vedski-stol-16-of-21.jpg\" title=\"Fr\u00fchst\u00fcck\"><\/a><a href=\"https:\/\/www.hotel-maritimo.hr\/wp-content\/uploads\/2016\/07\/Hotel-Maritimo-\u0161vedski-stol-15-of-21.jpg\" title=\"Fr\u00fchst\u00fcck\"><\/a><a href=\"https:\/\/www.hotel-maritimo.hr\/wp-content\/uploads\/2016\/07\/Hotel-Maritimo-\u0161vedski-stol-14-of-21.jpg\" title=\"Fr\u00fchst\u00fcck\"><\/a><a href=\"https:\/\/www.hotel-maritimo.hr\/wp-content\/uploads\/2016\/07\/Hotel-Maritimo-\u0161vedski-stol-13-of-21.jpg\" title=\"Fr\u00fchst\u00fcck\"><\/a><a href=\"https:\/\/www.hotel-maritimo.hr\/wp-content\/uploads\/2016\/07\/Hotel-Maritimo-\u0161vedski-stol-12-of-21.jpg\" title=\"Fr\u00fchst\u00fcck\"><\/a><a href=\"https:\/\/www.hotel-maritimo.hr\/wp-content\/uploads\/2016\/07\/Hotel-Maritimo-\u0161vedski-stol-11-of-21.jpg\" title=\"Fr\u00fchst\u00fcck\"><\/a><a href=\"https:\/\/www.hotel-maritimo.hr\/wp-content\/uploads\/2016\/07\/Hotel-Maritimo-\u0161vedski-stol-10-of-21.jpg\" title=\"Fr\u00fchst\u00fcck\"><\/a><a href=\"https:\/\/www.hotel-maritimo.hr\/wp-content\/uploads\/2016\/07\/Hotel-Maritimo-\u0161vedski-stol-9-of-21.jpg\" title=\"Fr\u00fchst\u00fcck\"><\/a><a href=\"https:\/\/www.hotel-maritimo.hr\/wp-content\/uploads\/2016\/07\/Hotel-Maritimo-\u0161vedski-stol-8-of-21.jpg\" title=\"Fr\u00fchst\u00fcck\"><\/a><a href=\"https:\/\/www.hotel-maritimo.hr\/wp-content\/uploads\/2016\/07\/Hotel-Maritimo-\u0161vedski-stol-7-of-21.jpg\" title=\"Fr\u00fchst\u00fcck\"><\/a><a href=\"https:\/\/www.hotel-maritimo.hr\/wp-content\/uploads\/2016\/07\/Hotel-Maritimo-\u0161vedski-stol-6-of-21.jpg\" title=\"Fr\u00fchst\u00fcck\"><\/a><a href=\"https:\/\/www.hotel-maritimo.hr\/wp-content\/uploads\/2016\/07\/Hotel-Maritimo-\u0161vedski-stol-5-of-21.jpg\" title=\"Fr\u00fchst\u00fcck\"><\/a><a href=\"https:\/\/www.hotel-maritimo.hr\/wp-content\/uploads\/2016\/07\/Hotel-Maritimo-\u0161vedski-stol-4-of-21.jpg\" title=\"Fr\u00fchst\u00fcck\"><\/a><a href=\"https:\/\/www.hotel-maritimo.hr\/wp-content\/uploads\/2016\/07\/Hotel-Maritimo-\u0161vedski-stol-3-of-21.jpg\" title=\"Fr\u00fchst\u00fcck\"><\/a><a href=\"https:\/\/www.hotel-maritimo.hr\/wp-content\/uploads\/2016\/07\/Hotel-Maritimo-\u0161vedski-stol-2-of-21.jpg\" title=\"Fr\u00fchst\u00fcck\"><\/a><a href=\"https:\/\/www.hotel-maritimo.hr\/wp-content\/uploads\/2016\/07\/Hotel-Maritimo-\u0161vedski-stol-1-of-21.jpg\" title=\"Fr\u00fchst\u00fcck\"><\/a><h6 class=\"text\">Fr\u00fchst\u00fcck<span class=\"num_photos\">Total 22 photos<\/span><\/h6>\r\n\t\t\t\t<\/div>\r\n\t\t\t<\/div><div class=\"item-isotope col-xs-6 col-sm-4 restaurant-de col-md-6\">\r\n\t\t\t\t<div class=\"gallery_item\">\r\n\t\t\t\t\t<a href = \"https:\/\/www.hotel-maritimo.hr\/wp-content\/uploads\/2016\/07\/restoran1.jpg\" class=\"gallery-popup mfp-image\" title = \"Restaurant\" >\r\n\t\t\t\t\t\t\t<img loading=\"lazy\" decoding=\"async\" width=\"780\" height=\"520\" src=\"https:\/\/www.hotel-maritimo.hr\/wp-content\/uploads\/2016\/07\/restoran1-1024x683.jpg\" class=\"attachment-large size-large wp-post-image\"  alt=\"restoran1-1024x683\"  srcset=\"https:\/\/www.hotel-maritimo.hr\/wp-content\/uploads\/2016\/07\/restoran1.jpg 1024w, https:\/\/www.hotel-maritimo.hr\/wp-content\/uploads\/2016\/07\/restoran1-300x200.jpg 300w, https:\/\/www.hotel-maritimo.hr\/wp-content\/uploads\/2016\/07\/restoran1-768x512.jpg 768w, https:\/\/www.hotel-maritimo.hr\/wp-content\/uploads\/2016\/07\/restoran1-600x400.jpg 600w\" sizes=\"auto, (max-width: 780px) 100vw, 780px\" \/>\r\n\t\t\t\t\t\t<\/a><a href=\"https:\/\/www.hotel-maritimo.hr\/wp-content\/uploads\/2016\/07\/restoran1.jpg\" title=\"Restaurant\"><\/a><a href=\"https:\/\/www.hotel-maritimo.hr\/wp-content\/uploads\/2016\/07\/restoran2.jpg\" title=\"Restaurant\"><\/a><a href=\"https:\/\/www.hotel-maritimo.hr\/wp-content\/uploads\/2016\/07\/restoran3.jpg\" title=\"Restaurant\"><\/a><a href=\"https:\/\/www.hotel-maritimo.hr\/wp-content\/uploads\/2016\/07\/restoran4.jpg\" title=\"Restaurant\"><\/a><a href=\"https:\/\/www.hotel-maritimo.hr\/wp-content\/uploads\/2016\/07\/restoran5.jpg\" title=\"Restaurant\"><\/a><a href=\"https:\/\/www.hotel-maritimo.hr\/wp-content\/uploads\/2016\/07\/restoran6.jpg\" title=\"Restaurant\"><\/a><a href=\"https:\/\/www.hotel-maritimo.hr\/wp-content\/uploads\/2016\/07\/restoran7.jpg\" title=\"Restaurant\"><\/a><a href=\"https:\/\/www.hotel-maritimo.hr\/wp-content\/uploads\/2016\/07\/restoran8.jpg\" title=\"Restaurant\"><\/a><a href=\"https:\/\/www.hotel-maritimo.hr\/wp-content\/uploads\/2016\/07\/restoran9.jpg\" title=\"Restaurant\"><\/a><a href=\"https:\/\/www.hotel-maritimo.hr\/wp-content\/uploads\/2016\/07\/restoran10.jpg\" title=\"Restaurant\"><\/a><a href=\"https:\/\/www.hotel-maritimo.hr\/wp-content\/uploads\/2016\/07\/restoran11.jpg\" title=\"Restaurant\"><\/a><a href=\"https:\/\/www.hotel-maritimo.hr\/wp-content\/uploads\/2016\/07\/restoran12.jpg\" title=\"Restaurant\"><\/a><a href=\"https:\/\/www.hotel-maritimo.hr\/wp-content\/uploads\/2016\/07\/restoran13.jpg\" title=\"Restaurant\"><\/a><a href=\"https:\/\/www.hotel-maritimo.hr\/wp-content\/uploads\/2016\/07\/restoran15.jpg\" title=\"Restaurant\"><\/a><a href=\"https:\/\/www.hotel-maritimo.hr\/wp-content\/uploads\/2016\/07\/restoran16.jpg\" title=\"Restaurant\"><\/a><a href=\"https:\/\/www.hotel-maritimo.hr\/wp-content\/uploads\/2016\/07\/restoran17.jpg\" title=\"Restaurant\"><\/a><a href=\"https:\/\/www.hotel-maritimo.hr\/wp-content\/uploads\/2016\/07\/restoran18.jpg\" title=\"Restaurant\"><\/a><a href=\"https:\/\/www.hotel-maritimo.hr\/wp-content\/uploads\/2016\/07\/restoran19.jpg\" title=\"Restaurant\"><\/a><a href=\"https:\/\/www.hotel-maritimo.hr\/wp-content\/uploads\/2016\/07\/restoran20.jpg\" title=\"Restaurant\"><\/a><a href=\"https:\/\/www.hotel-maritimo.hr\/wp-content\/uploads\/2016\/07\/restoran21.jpg\" title=\"Restaurant\"><\/a><a href=\"https:\/\/www.hotel-maritimo.hr\/wp-content\/uploads\/2016\/07\/restoran22.jpg\" title=\"Restaurant\"><\/a><a href=\"https:\/\/www.hotel-maritimo.hr\/wp-content\/uploads\/2016\/07\/restoran23.jpg\" title=\"Restaurant\"><\/a><a href=\"https:\/\/www.hotel-maritimo.hr\/wp-content\/uploads\/2016\/07\/restoran24.jpg\" title=\"Restaurant\"><\/a><h6 class=\"text\">Restaurant<span class=\"num_photos\">Total 24 photos<\/span><\/h6>\r\n\t\t\t\t<\/div>\r\n\t\t\t<\/div>\t\t\t\t\t<\/div>\r\n\t\t\t\t<\/div>\r\n\t\t\t\t\t\t\t<div class=\"our-gallery text-center js-loadmore\" style=display:none>\r\n\t\t\t\t<a class=\"more awe-btn awe-btn-6\" href=\"#\" data-cats=\"37, 40\"\r\n\t\t\t\t\tdata-page=\"1\"\r\n\t\t\t\t\tdata-max=\"1\"\r\n\t\t\t\t\tdata-num=\"8\"\r\n\t\t\t\t\tdata-size=\"large\"\r\n\t\t\t\t\tdata-column=\"col-md-6\"\r\n\t\t\t\t>View More<\/a>\r\n\t\t\t<\/div>\r\n\t\t\t\t\t\t<\/div>\r\n\t\t\t<!-- GALLERY CONTENT -->\r\n\t\t\t<\/div > [\/vc_column][\/vc_row]\n<\/div>","protected":false},"excerpt":{"rendered":"<p>[vc_row full_width=&#8220;stretch_row&#8220; parallax=&#8220;content-moving&#8220; parallax_image=&#8220;1116&#8243; enable_overlay=&#8220;true&#8220; bg_overlay=&#8220;rgba(0,0,0,0.2)&#8220; css=&#8220;.vc_custom_1471358827612{padding-top: 150px !important;padding-bottom: 80px !important;}&#8220;][vc_column][\/vc_column][\/vc_row][vc_row][vc_column][\/vc_column][\/vc_row][vc_row][vc_column width=&#8220;3\/4&#8243;][vc_wp_text]Das Restaurant mit auserw\u00e4hlten kulinarischen Spezialit\u00e4ten sorgt sich um das Wohl der G\u00e4ste, die aus allen Ecken der Welt kommen, und bietet eine reiche Auswahl an nationalen und internationalen Gerichten. Der Gast kann zwischen einer Pensionsverpflegung und dem Restaurant \u00e0 la carte w\u00e4hlen.[\/vc_wp_text][\/vc_column][\/vc_row][vc_row][vc_column][\/vc_column][\/vc_row]<\/p>\n","protected":false},"author":3,"featured_media":0,"parent":0,"menu_order":0,"comment_status":"closed","ping_status":"closed","template":"","meta":{"footnotes":""},"class_list":["post-940","page","type-page","status-publish","hentry"],"yoast_head":"<!-- This site is optimized with the Yoast SEO plugin v27.3 - https:\/\/yoast.com\/product\/yoast-seo-wordpress\/ -->\n<title>Restaurant - Hotel Maritimo<\/title>\n<meta name=\"description\" content=\"Das Restaurant mit auserw\u00e4hlten kulinarischen Spezialit\u00e4ten sorgt sich um das Wohl der G\u00e4ste, die aus allen Ecken der Welt kommen.\" \/>\n<meta name=\"robots\" content=\"index, follow, max-snippet:-1, max-image-preview:large, max-video-preview:-1\" \/>\n<link rel=\"canonical\" href=\"https:\/\/www.hotel-maritimo.hr\/de\/restaurant\/\" \/>\n<meta property=\"og:locale\" content=\"de_DE\" \/>\n<meta property=\"og:type\" content=\"article\" \/>\n<meta property=\"og:title\" content=\"Restaurant - Hotel Maritimo\" \/>\n<meta property=\"og:description\" content=\"Das Restaurant mit auserw\u00e4hlten kulinarischen Spezialit\u00e4ten sorgt sich um das Wohl der G\u00e4ste, die aus allen Ecken der Welt kommen.\" \/>\n<meta property=\"og:url\" content=\"https:\/\/www.hotel-maritimo.hr\/de\/restaurant\/\" \/>\n<meta property=\"og:site_name\" content=\"Hotel Maritimo\" \/>\n<meta property=\"article:modified_time\" content=\"2025-10-28T12:59:15+00:00\" \/>\n<meta name=\"twitter:card\" content=\"summary_large_image\" \/>\n<meta name=\"twitter:label1\" content=\"Gesch\u00e4tzte Lesezeit\" \/>\n\t<meta name=\"twitter:data1\" content=\"1\u00a0Minute\" \/>\n<script type=\"application\/ld+json\" class=\"yoast-schema-graph\">{\"@context\":\"https:\\\/\\\/schema.org\",\"@graph\":[{\"@type\":\"WebPage\",\"@id\":\"https:\\\/\\\/www.hotel-maritimo.hr\\\/de\\\/restaurant\\\/\",\"url\":\"https:\\\/\\\/www.hotel-maritimo.hr\\\/de\\\/restaurant\\\/\",\"name\":\"Restaurant - Hotel Maritimo\",\"isPartOf\":{\"@id\":\"https:\\\/\\\/www.hotel-maritimo.hr\\\/#website\"},\"datePublished\":\"2016-08-11T18:15:05+00:00\",\"dateModified\":\"2025-10-28T12:59:15+00:00\",\"description\":\"Das Restaurant mit auserw\u00e4hlten kulinarischen Spezialit\u00e4ten sorgt sich um das Wohl der G\u00e4ste, die aus allen Ecken der Welt kommen.\",\"breadcrumb\":{\"@id\":\"https:\\\/\\\/www.hotel-maritimo.hr\\\/de\\\/restaurant\\\/#breadcrumb\"},\"inLanguage\":\"de\",\"potentialAction\":[{\"@type\":\"ReadAction\",\"target\":[\"https:\\\/\\\/www.hotel-maritimo.hr\\\/de\\\/restaurant\\\/\"]}]},{\"@type\":\"BreadcrumbList\",\"@id\":\"https:\\\/\\\/www.hotel-maritimo.hr\\\/de\\\/restaurant\\\/#breadcrumb\",\"itemListElement\":[{\"@type\":\"ListItem\",\"position\":1,\"name\":\"Home\",\"item\":\"https:\\\/\\\/www.hotel-maritimo.hr\\\/de\\\/\"},{\"@type\":\"ListItem\",\"position\":2,\"name\":\"Restaurant\"}]},{\"@type\":\"WebSite\",\"@id\":\"https:\\\/\\\/www.hotel-maritimo.hr\\\/#website\",\"url\":\"https:\\\/\\\/www.hotel-maritimo.hr\\\/\",\"name\":\"Hotel Maritimo\",\"description\":\"\",\"potentialAction\":[{\"@type\":\"SearchAction\",\"target\":{\"@type\":\"EntryPoint\",\"urlTemplate\":\"https:\\\/\\\/www.hotel-maritimo.hr\\\/?s={search_term_string}\"},\"query-input\":{\"@type\":\"PropertyValueSpecification\",\"valueRequired\":true,\"valueName\":\"search_term_string\"}}],\"inLanguage\":\"de\"}]}<\/script>\n<!-- \/ Yoast SEO plugin. -->","yoast_head_json":{"title":"Restaurant - Hotel Maritimo","description":"Das Restaurant mit auserw\u00e4hlten kulinarischen Spezialit\u00e4ten sorgt sich um das Wohl der G\u00e4ste, die aus allen Ecken der Welt kommen.","robots":{"index":"index","follow":"follow","max-snippet":"max-snippet:-1","max-image-preview":"max-image-preview:large","max-video-preview":"max-video-preview:-1"},"canonical":"https:\/\/www.hotel-maritimo.hr\/de\/restaurant\/","og_locale":"de_DE","og_type":"article","og_title":"Restaurant - Hotel Maritimo","og_description":"Das Restaurant mit auserw\u00e4hlten kulinarischen Spezialit\u00e4ten sorgt sich um das Wohl der G\u00e4ste, die aus allen Ecken der Welt kommen.","og_url":"https:\/\/www.hotel-maritimo.hr\/de\/restaurant\/","og_site_name":"Hotel Maritimo","article_modified_time":"2025-10-28T12:59:15+00:00","twitter_card":"summary_large_image","twitter_misc":{"Gesch\u00e4tzte Lesezeit":"1\u00a0Minute"},"schema":{"@context":"https:\/\/schema.org","@graph":[{"@type":"WebPage","@id":"https:\/\/www.hotel-maritimo.hr\/de\/restaurant\/","url":"https:\/\/www.hotel-maritimo.hr\/de\/restaurant\/","name":"Restaurant - Hotel Maritimo","isPartOf":{"@id":"https:\/\/www.hotel-maritimo.hr\/#website"},"datePublished":"2016-08-11T18:15:05+00:00","dateModified":"2025-10-28T12:59:15+00:00","description":"Das Restaurant mit auserw\u00e4hlten kulinarischen Spezialit\u00e4ten sorgt sich um das Wohl der G\u00e4ste, die aus allen Ecken der Welt kommen.","breadcrumb":{"@id":"https:\/\/www.hotel-maritimo.hr\/de\/restaurant\/#breadcrumb"},"inLanguage":"de","potentialAction":[{"@type":"ReadAction","target":["https:\/\/www.hotel-maritimo.hr\/de\/restaurant\/"]}]},{"@type":"BreadcrumbList","@id":"https:\/\/www.hotel-maritimo.hr\/de\/restaurant\/#breadcrumb","itemListElement":[{"@type":"ListItem","position":1,"name":"Home","item":"https:\/\/www.hotel-maritimo.hr\/de\/"},{"@type":"ListItem","position":2,"name":"Restaurant"}]},{"@type":"WebSite","@id":"https:\/\/www.hotel-maritimo.hr\/#website","url":"https:\/\/www.hotel-maritimo.hr\/","name":"Hotel Maritimo","description":"","potentialAction":[{"@type":"SearchAction","target":{"@type":"EntryPoint","urlTemplate":"https:\/\/www.hotel-maritimo.hr\/?s={search_term_string}"},"query-input":{"@type":"PropertyValueSpecification","valueRequired":true,"valueName":"search_term_string"}}],"inLanguage":"de"}]}},"_links":{"self":[{"href":"https:\/\/www.hotel-maritimo.hr\/de\/wp-json\/wp\/v2\/pages\/940","targetHints":{"allow":["GET"]}}],"collection":[{"href":"https:\/\/www.hotel-maritimo.hr\/de\/wp-json\/wp\/v2\/pages"}],"about":[{"href":"https:\/\/www.hotel-maritimo.hr\/de\/wp-json\/wp\/v2\/types\/page"}],"author":[{"embeddable":true,"href":"https:\/\/www.hotel-maritimo.hr\/de\/wp-json\/wp\/v2\/users\/3"}],"replies":[{"embeddable":true,"href":"https:\/\/www.hotel-maritimo.hr\/de\/wp-json\/wp\/v2\/comments?post=940"}],"version-history":[{"count":10,"href":"https:\/\/www.hotel-maritimo.hr\/de\/wp-json\/wp\/v2\/pages\/940\/revisions"}],"predecessor-version":[{"id":4023,"href":"https:\/\/www.hotel-maritimo.hr\/de\/wp-json\/wp\/v2\/pages\/940\/revisions\/4023"}],"wp:attachment":[{"href":"https:\/\/www.hotel-maritimo.hr\/de\/wp-json\/wp\/v2\/media?parent=940"}],"curies":[{"name":"wp","href":"https:\/\/api.w.org\/{rel}","templated":true}]}}