{"id":914,"date":"2016-08-11T15:18:41","date_gmt":"2016-08-11T13:18:41","guid":{"rendered":"http:\/\/n4u.biz.hr\/hotel-maritimo.hr\/?page_id=914&#038;lang=de"},"modified":"2025-10-28T13:49:06","modified_gmt":"2025-10-28T12:49:06","slug":"unterkunft","status":"publish","type":"page","link":"https:\/\/www.hotel-maritimo.hr\/de\/unterkunft\/","title":{"rendered":"Unterkunft"},"content":{"rendered":"<div class=\"wpb-content-wrapper\">[vc_row full_width=&#8220;stretch_row&#8220; equal_height=&#8220;yes&#8220; parallax=&#8220;content-moving&#8220; parallax_image=&#8220;310&#8243; enable_overlay=&#8220;&#8220;][vc_column]<div class=\"awe-special-heading text-center\" style=\"color:#ffffff;\"><h2>UNTERKUNFT<\/h2><\/div>[\/vc_column][\/vc_row][vc_row][vc_column]<div class=\"awe-special-heading text-left\"><h2>UNTERKUNFT<\/h2><\/div>[vc_wp_text]Das Hotel eignet sich mit seinen Zimmern insbesondere f\u00fcr j\u00fcngere oder \u00e4ltere Paare, die sich eine intime und angenehme Atmosph\u00e4re w\u00fcnschen. \u00a0Das Hotel ist aber auch f\u00fcr Familien geeignet.<\/p>\n<p>Das Hotel verf\u00fcgt \u00fcber 21 modern gestaltete, klimatisierte und gem\u00fctliche Zimmer. Die Zimmer verf\u00fcgen \u00fcber eine Minibar, Telefon, Internetzugang, Safe, SAT TV und Haarf\u00f6n im Bad. Im Hotel verf\u00fcgbar:<br \/>\n\u2013 Doppelzimmer mit Balkon und Meerblick \/ Zusatzbett auf Anfrage<br \/>\n\u2013 Doppelzimmer mit Balkon zur Parkseite \/ Zusatzbett auf Anfrage<br \/>\n\u2013 Junior suite, Fenster zur Gebirgsseite \/ zwei Zusatzbette auf Anfrage<br \/>\n\u2013 Superior Doppelzimmer mit einem gro\u00dfen Balkon und Meerblick \/ Zusatzbett auf Anfrage<br \/>\n\u2013 Appartement, Balkon, Meerblick \/ zwei Zusatzbette auf Anfrage[\/vc_wp_text][\/vc_column][\/vc_row][vc_row][vc_column width=&#8220;1\/3&#8243;][vc_single_image image=&#8220;3704&#8243; img_size=&#8220;full&#8220; add_caption=&#8220;yes&#8220; alignment=&#8220;center&#8220; onclick=&#8220;custom_link&#8220; link=&#8220;https:\/\/www.hotel-maritimo.hr\/de\/unterkunft\/zimmer\/&#8220; title=&#8220;ZIMMER&#8220;][\/vc_column][vc_column width=&#8220;1\/3&#8243;][vc_single_image image=&#8220;3572&#8243; img_size=&#8220;full&#8220; add_caption=&#8220;yes&#8220; alignment=&#8220;center&#8220; onclick=&#8220;custom_link&#8220; title=&#8220;APPARTEMENT&#8220; link=&#8220;https:\/\/www.hotel-maritimo.hr\/de\/unterkunft\/appartement\/&#8220;][\/vc_column][vc_column width=&#8220;1\/3&#8243;][vc_single_image image=&#8220;3554&#8243; img_size=&#8220;full&#8220; add_caption=&#8220;yes&#8220; alignment=&#8220;center&#8220; onclick=&#8220;custom_link&#8220; title=&#8220;SONDERANGEBOTE&#8220; link=&#8220;https:\/\/www.hotel-maritimo.hr\/de\/unterkunft\/special-offers\/&#8220;][\/vc_column][\/vc_row]\n<\/div>","protected":false},"excerpt":{"rendered":"<p>[vc_row full_width=&#8220;stretch_row&#8220; equal_height=&#8220;yes&#8220; parallax=&#8220;content-moving&#8220; parallax_image=&#8220;310&#8243; enable_overlay=&#8220;&#8220;][vc_column][\/vc_column][\/vc_row][vc_row][vc_column][vc_wp_text]Das Hotel eignet sich mit seinen Zimmern insbesondere f\u00fcr j\u00fcngere oder \u00e4ltere Paare, die sich eine intime und angenehme Atmosph\u00e4re w\u00fcnschen. \u00a0Das Hotel ist aber auch f\u00fcr Familien geeignet. Das Hotel verf\u00fcgt \u00fcber 21 modern gestaltete, klimatisierte und gem\u00fctliche Zimmer. Die Zimmer verf\u00fcgen \u00fcber eine Minibar, Telefon, Internetzugang, Safe, SAT &hellip;<\/p>\n","protected":false},"author":3,"featured_media":0,"parent":0,"menu_order":0,"comment_status":"closed","ping_status":"closed","template":"","meta":{"footnotes":""},"class_list":["post-914","page","type-page","status-publish","hentry"],"yoast_head":"<!-- This site is optimized with the Yoast SEO plugin v27.3 - https:\/\/yoast.com\/product\/yoast-seo-wordpress\/ -->\n<title>Unterkunft - Hotel Maritimo<\/title>\n<meta name=\"description\" content=\"Das Hotel eignet sich mit seinen Zimmern insbesondere f\u00fcr j\u00fcngere oder \u00e4ltere Paare, die sich eine intime und angenehme Atmosph\u00e4re w\u00fcnschen.\" \/>\n<meta name=\"robots\" content=\"index, follow, max-snippet:-1, max-image-preview:large, max-video-preview:-1\" \/>\n<link rel=\"canonical\" href=\"https:\/\/www.hotel-maritimo.hr\/de\/unterkunft\/\" \/>\n<meta property=\"og:locale\" content=\"de_DE\" \/>\n<meta property=\"og:type\" content=\"article\" \/>\n<meta property=\"og:title\" content=\"Unterkunft - Hotel Maritimo\" \/>\n<meta property=\"og:description\" content=\"Das Hotel eignet sich mit seinen Zimmern insbesondere f\u00fcr j\u00fcngere oder \u00e4ltere Paare, die sich eine intime und angenehme Atmosph\u00e4re w\u00fcnschen.\" \/>\n<meta property=\"og:url\" content=\"https:\/\/www.hotel-maritimo.hr\/de\/unterkunft\/\" \/>\n<meta property=\"og:site_name\" content=\"Hotel Maritimo\" \/>\n<meta property=\"article:modified_time\" content=\"2025-10-28T12:49:06+00:00\" \/>\n<meta name=\"twitter:card\" content=\"summary_large_image\" \/>\n<meta name=\"twitter:label1\" content=\"Gesch\u00e4tzte Lesezeit\" \/>\n\t<meta name=\"twitter:data1\" content=\"2\u00a0Minuten\" \/>\n<script type=\"application\/ld+json\" class=\"yoast-schema-graph\">{\"@context\":\"https:\\\/\\\/schema.org\",\"@graph\":[{\"@type\":\"WebPage\",\"@id\":\"https:\\\/\\\/www.hotel-maritimo.hr\\\/de\\\/unterkunft\\\/\",\"url\":\"https:\\\/\\\/www.hotel-maritimo.hr\\\/de\\\/unterkunft\\\/\",\"name\":\"Unterkunft - Hotel Maritimo\",\"isPartOf\":{\"@id\":\"https:\\\/\\\/www.hotel-maritimo.hr\\\/#website\"},\"datePublished\":\"2016-08-11T13:18:41+00:00\",\"dateModified\":\"2025-10-28T12:49:06+00:00\",\"description\":\"Das Hotel eignet sich mit seinen Zimmern insbesondere f\u00fcr j\u00fcngere oder \u00e4ltere Paare, die sich eine intime und angenehme Atmosph\u00e4re w\u00fcnschen.\",\"breadcrumb\":{\"@id\":\"https:\\\/\\\/www.hotel-maritimo.hr\\\/de\\\/unterkunft\\\/#breadcrumb\"},\"inLanguage\":\"de\",\"potentialAction\":[{\"@type\":\"ReadAction\",\"target\":[\"https:\\\/\\\/www.hotel-maritimo.hr\\\/de\\\/unterkunft\\\/\"]}]},{\"@type\":\"BreadcrumbList\",\"@id\":\"https:\\\/\\\/www.hotel-maritimo.hr\\\/de\\\/unterkunft\\\/#breadcrumb\",\"itemListElement\":[{\"@type\":\"ListItem\",\"position\":1,\"name\":\"Home\",\"item\":\"https:\\\/\\\/www.hotel-maritimo.hr\\\/de\\\/\"},{\"@type\":\"ListItem\",\"position\":2,\"name\":\"Unterkunft\"}]},{\"@type\":\"WebSite\",\"@id\":\"https:\\\/\\\/www.hotel-maritimo.hr\\\/#website\",\"url\":\"https:\\\/\\\/www.hotel-maritimo.hr\\\/\",\"name\":\"Hotel Maritimo\",\"description\":\"\",\"potentialAction\":[{\"@type\":\"SearchAction\",\"target\":{\"@type\":\"EntryPoint\",\"urlTemplate\":\"https:\\\/\\\/www.hotel-maritimo.hr\\\/?s={search_term_string}\"},\"query-input\":{\"@type\":\"PropertyValueSpecification\",\"valueRequired\":true,\"valueName\":\"search_term_string\"}}],\"inLanguage\":\"de\"}]}<\/script>\n<!-- \/ Yoast SEO plugin. -->","yoast_head_json":{"title":"Unterkunft - Hotel Maritimo","description":"Das Hotel eignet sich mit seinen Zimmern insbesondere f\u00fcr j\u00fcngere oder \u00e4ltere Paare, die sich eine intime und angenehme Atmosph\u00e4re w\u00fcnschen.","robots":{"index":"index","follow":"follow","max-snippet":"max-snippet:-1","max-image-preview":"max-image-preview:large","max-video-preview":"max-video-preview:-1"},"canonical":"https:\/\/www.hotel-maritimo.hr\/de\/unterkunft\/","og_locale":"de_DE","og_type":"article","og_title":"Unterkunft - Hotel Maritimo","og_description":"Das Hotel eignet sich mit seinen Zimmern insbesondere f\u00fcr j\u00fcngere oder \u00e4ltere Paare, die sich eine intime und angenehme Atmosph\u00e4re w\u00fcnschen.","og_url":"https:\/\/www.hotel-maritimo.hr\/de\/unterkunft\/","og_site_name":"Hotel Maritimo","article_modified_time":"2025-10-28T12:49:06+00:00","twitter_card":"summary_large_image","twitter_misc":{"Gesch\u00e4tzte Lesezeit":"2\u00a0Minuten"},"schema":{"@context":"https:\/\/schema.org","@graph":[{"@type":"WebPage","@id":"https:\/\/www.hotel-maritimo.hr\/de\/unterkunft\/","url":"https:\/\/www.hotel-maritimo.hr\/de\/unterkunft\/","name":"Unterkunft - Hotel Maritimo","isPartOf":{"@id":"https:\/\/www.hotel-maritimo.hr\/#website"},"datePublished":"2016-08-11T13:18:41+00:00","dateModified":"2025-10-28T12:49:06+00:00","description":"Das Hotel eignet sich mit seinen Zimmern insbesondere f\u00fcr j\u00fcngere oder \u00e4ltere Paare, die sich eine intime und angenehme Atmosph\u00e4re w\u00fcnschen.","breadcrumb":{"@id":"https:\/\/www.hotel-maritimo.hr\/de\/unterkunft\/#breadcrumb"},"inLanguage":"de","potentialAction":[{"@type":"ReadAction","target":["https:\/\/www.hotel-maritimo.hr\/de\/unterkunft\/"]}]},{"@type":"BreadcrumbList","@id":"https:\/\/www.hotel-maritimo.hr\/de\/unterkunft\/#breadcrumb","itemListElement":[{"@type":"ListItem","position":1,"name":"Home","item":"https:\/\/www.hotel-maritimo.hr\/de\/"},{"@type":"ListItem","position":2,"name":"Unterkunft"}]},{"@type":"WebSite","@id":"https:\/\/www.hotel-maritimo.hr\/#website","url":"https:\/\/www.hotel-maritimo.hr\/","name":"Hotel Maritimo","description":"","potentialAction":[{"@type":"SearchAction","target":{"@type":"EntryPoint","urlTemplate":"https:\/\/www.hotel-maritimo.hr\/?s={search_term_string}"},"query-input":{"@type":"PropertyValueSpecification","valueRequired":true,"valueName":"search_term_string"}}],"inLanguage":"de"}]}},"_links":{"self":[{"href":"https:\/\/www.hotel-maritimo.hr\/de\/wp-json\/wp\/v2\/pages\/914","targetHints":{"allow":["GET"]}}],"collection":[{"href":"https:\/\/www.hotel-maritimo.hr\/de\/wp-json\/wp\/v2\/pages"}],"about":[{"href":"https:\/\/www.hotel-maritimo.hr\/de\/wp-json\/wp\/v2\/types\/page"}],"author":[{"embeddable":true,"href":"https:\/\/www.hotel-maritimo.hr\/de\/wp-json\/wp\/v2\/users\/3"}],"replies":[{"embeddable":true,"href":"https:\/\/www.hotel-maritimo.hr\/de\/wp-json\/wp\/v2\/comments?post=914"}],"version-history":[{"count":6,"href":"https:\/\/www.hotel-maritimo.hr\/de\/wp-json\/wp\/v2\/pages\/914\/revisions"}],"predecessor-version":[{"id":4018,"href":"https:\/\/www.hotel-maritimo.hr\/de\/wp-json\/wp\/v2\/pages\/914\/revisions\/4018"}],"wp:attachment":[{"href":"https:\/\/www.hotel-maritimo.hr\/de\/wp-json\/wp\/v2\/media?parent=914"}],"curies":[{"name":"wp","href":"https:\/\/api.w.org\/{rel}","templated":true}]}}