{"id":912,"date":"2016-08-11T15:11:06","date_gmt":"2016-08-11T13:11:06","guid":{"rendered":"http:\/\/n4u.biz.hr\/hotel-maritimo.hr\/?page_id=912&#038;lang=de"},"modified":"2025-10-28T13:46:28","modified_gmt":"2025-10-28T12:46:28","slug":"uber-das-reiseziel","status":"publish","type":"page","link":"https:\/\/www.hotel-maritimo.hr\/de\/uber-das-reiseziel\/","title":{"rendered":"\u00dcber das Reiseziel"},"content":{"rendered":"<div class=\"wpb-content-wrapper\">[vc_row full_width=&#8220;stretch_row&#8220; equal_height=&#8220;yes&#8220; parallax=&#8220;content-moving&#8220; parallax_image=&#8220;1003&#8243; enable_overlay=&#8220;&#8220;][vc_column]<div class=\"awe-special-heading text-center\" style=\"color:#ffffff;\"><h2>\u00dcBER DAS REISEZIEL<\/h2><\/div>[\/vc_column][\/vc_row][vc_row][vc_column]<div class=\"awe-special-heading text-left\"><h2>MAKARSKA<\/h2><\/div>[vc_video link=&#8220;https:\/\/www.youtube.com\/watch?v=20w9Lto1r9w&#8220;][\/vc_column][\/vc_row][vc_row][vc_column][vc_wp_text]\n<div class=\"vc_row wpb_row vc_row-fluid\">\n<div class=\"wpb_column vc_column_container vc_col-sm-12\">\n<div class=\"vc_column-inner\">\n<div class=\"wpb_wrapper\">\n<div class=\"wpb_text_column wpb_content_element wpb_animate_when_almost_visible wpb_ wpb_start_animation animated\">\n<div class=\"wpb_wrapper\">\n<p>Makarska ist ein malerisches St\u00e4dtchen von einer beeindruckenden Sch\u00f6nheit, das vom Tourismus und f\u00fcr den Tourismus lebt, eine Stadt der Jugend, Kultur, des Sports und der Unterhaltung. Sie entwickelte sich um einen nat\u00fcrlichen Turm herum, den die malerische Halbinsel Sveti Petar und der Kap Osejava sch\u00fctzten. Die Geschichte der Stadt kann man am besten im Franziskanerkloster kennen lernen, auch Kunstwerke bekannter kroatischer Maler aus dieser Gegend sind in den sakralen Objekten des K\u00fcstengebietes von Makarska aufbewahrt.<\/p>\n<p>W\u00e4hrend der Sommerabende ist der Hafen voll von Yachten und Ausflugsbooten, w\u00e4hrend sich am Ka\u010di\u0107 Platz im Zentrum der Stadt junge Leute sammeln, die hier das Unterhaltungs- und Kulturprogramm in vollen Z\u00fcgen genie\u00dfen.<br \/>\nJe sp\u00e4ter die Nacht, desto lebhafter wird es an der K\u00fcstenpromenade (Riva) in Makarska, und desto voller sind die Caf\u00e9s, Restaurants und Discos.<\/p>\n<p>\u00dcber dem Meer erhebt sich ein herrliches Geschenk der Natur \u2013 das Biokovo-Gebirge. Sollten Sie abenteuerlustig sein und attraktive sportliche Herausforderungen suchen, bietet Makarska zahlreiche Sportm\u00f6glichkeiten an (Paragliding, Mountainbiking, Klettern in Grotten, Wassersportarten u. a.). Der wundersch\u00f6ne Kiesstrand erstreckt sich auf 2 Kilometern durch die ganze Stadt. All das macht Makarska zu einem beliebten Reiseziel.<\/p>\n<p>&nbsp;<\/p>\n<\/div>\n<\/div>\n<\/div>\n<\/div>\n<\/div>\n<\/div>\n<div class=\"vc_row wpb_row vc_row-fluid\">\n<div class=\"wpb_column vc_column_container vc_col-sm-12\">\n<div class=\"vc_column-inner\">\n<div class=\"wpb_wrapper\">\n<div class=\"wpb_text_column wpb_content_element wpb_animate_when_almost_visible wpb_ wpb_start_animation animated\">\n<div class=\"wpb_wrapper\">\n<h4>N\u00fctzliche Links:<\/h4>\n<p>Busbahnhof Makarska:\u00a0<a href=\"http:\/\/promet-makarska.hr\/\" target=\"_blank\" rel=\"noopener noreferrer\">www.promet-makarska.hr<\/a><\/p>\n<p>Busbahnhof Split:\u00a0<a href=\"http:\/\/www.ak-split.hr\/\" target=\"_blank\" rel=\"noopener noreferrer\">www.ak-split.hr<\/a><\/p>\n<p>F\u00e4hrentransport:\u00a0<a href=\"http:\/\/www.jadrolinija.hr\/\" target=\"_blank\" rel=\"noopener noreferrer\">www.jadrolinija.hr<\/a><\/p>\n<p>Flughafen Split:\u00a0<a href=\"http:\/\/www.split-airport.hr\/index.php?lang=en\" target=\"_blank\" rel=\"noopener noreferrer\">www.split-airport.hr<\/a><\/p>\n<p>Pannendienst:\u00a0<a href=\"http:\/\/www.hak.hr\/\" target=\"_blank\" rel=\"noopener noreferrer\">www.hak.hr<\/a><\/p>\n<\/div>\n<\/div>\n<\/div>\n<\/div>\n<\/div>\n<\/div>\n[\/vc_wp_text][\/vc_column][\/vc_row][vc_row][vc_column]<div class=\"gallery\">\t\t\t<!--FILTER -->\r\n\t\t\t<div class=\"gallery-cat text-center\">\r\n\t\t\t\t<ul class=\"list-inline\">\r\n\t\t\t\t\t<li class=\"active\"><a href=\"#\" data-filter=\"*\">All<\/a><\/li>\r\n\t\t\t\t\t<li><a href=\"https:\/\/www.hotel-maritimo.hr\/de\/gallery_cat\/makarska-de\/\" data-filter=\".makarska-de\">Makarska<\/a><\/li>\t\t\t\t<\/ul>\r\n\t\t\t<\/div>\r\n\t\t\t<!--END \/ FILTER -->\r\n\t\t\t\t\t<!-- GALLERY CONTENT -->\r\n\t\t\t<div class=\"gallery-content \">\r\n\t\t\t\t<div class=\"row\">\r\n\t\t\t\t\t<div class=\"gallery-isotope\">\r\n\t\t\t\t\t\t<!-- ITEM SIZE -->\r\n\t\t\t\t\t\t<div class=\"item-size col-xs-6 col-sm-4 col-md-12\"><\/div>\r\n\t\t\t\t\t\t<!-- END \/ ITEM SIZE -->\r\n\t\t\t\t\t\t<div class=\"item-isotope col-xs-6 col-sm-4 makarska-de col-md-12\">\r\n\t\t\t\t<div class=\"gallery_item\">\r\n\t\t\t\t\t<a href = \"https:\/\/www.hotel-maritimo.hr\/wp-content\/uploads\/2016\/08\/4-1.jpg\" class=\"gallery-popup mfp-image\" title = \"Makarska\" >\r\n\t\t\t\t\t\t\t<img loading=\"lazy\" decoding=\"async\" width=\"780\" height=\"520\" src=\"https:\/\/www.hotel-maritimo.hr\/wp-content\/uploads\/2016\/08\/4-1-1024x683.jpg\" class=\"attachment-large size-large wp-post-image\"  alt=\"4-1-1024x683\"  srcset=\"https:\/\/www.hotel-maritimo.hr\/wp-content\/uploads\/2016\/08\/4-1.jpg 1024w, https:\/\/www.hotel-maritimo.hr\/wp-content\/uploads\/2016\/08\/4-1-300x200.jpg 300w, https:\/\/www.hotel-maritimo.hr\/wp-content\/uploads\/2016\/08\/4-1-768x512.jpg 768w, https:\/\/www.hotel-maritimo.hr\/wp-content\/uploads\/2016\/08\/4-1-600x400.jpg 600w\" sizes=\"auto, (max-width: 780px) 100vw, 780px\" \/>\r\n\t\t\t\t\t\t<\/a><a href=\"https:\/\/www.hotel-maritimo.hr\/wp-content\/uploads\/2016\/07\/hotel_maritimo26.jpg\" title=\"Makarska\"><\/a><a href=\"https:\/\/www.hotel-maritimo.hr\/wp-content\/uploads\/2016\/07\/1-1.jpg\" title=\"Makarska\"><\/a><a href=\"https:\/\/www.hotel-maritimo.hr\/wp-content\/uploads\/2016\/07\/2-1.jpg\" title=\"Makarska\"><\/a><a href=\"https:\/\/www.hotel-maritimo.hr\/wp-content\/uploads\/2016\/07\/3-1.jpg\" title=\"Makarska\"><\/a><a href=\"https:\/\/www.hotel-maritimo.hr\/wp-content\/uploads\/2016\/07\/4-1.jpg\" title=\"Makarska\"><\/a><a href=\"https:\/\/www.hotel-maritimo.hr\/wp-content\/uploads\/2016\/07\/5-1.jpg\" title=\"Makarska\"><\/a><a href=\"https:\/\/www.hotel-maritimo.hr\/wp-content\/uploads\/2016\/07\/6-1.jpg\" title=\"Makarska\"><\/a><a href=\"https:\/\/www.hotel-maritimo.hr\/wp-content\/uploads\/2016\/07\/7-1.jpg\" title=\"Makarska\"><\/a><a href=\"https:\/\/www.hotel-maritimo.hr\/wp-content\/uploads\/2016\/07\/8.jpg\" title=\"Makarska\"><\/a><a href=\"https:\/\/www.hotel-maritimo.hr\/wp-content\/uploads\/2016\/07\/9.jpg\" title=\"Makarska\"><\/a><a href=\"https:\/\/www.hotel-maritimo.hr\/wp-content\/uploads\/2016\/07\/10.jpg\" title=\"Makarska\"><\/a><a href=\"https:\/\/www.hotel-maritimo.hr\/wp-content\/uploads\/2016\/07\/11.jpg\" title=\"Makarska\"><\/a><a href=\"https:\/\/www.hotel-maritimo.hr\/wp-content\/uploads\/2016\/07\/12.jpg\" title=\"Makarska\"><\/a><a href=\"https:\/\/www.hotel-maritimo.hr\/wp-content\/uploads\/2016\/07\/GOPR26620036612016-08-30-13-18-07.jpg\" title=\"Makarska\"><\/a><a href=\"https:\/\/www.hotel-maritimo.hr\/wp-content\/uploads\/2016\/07\/13.jpg\" title=\"Makarska\"><\/a><a href=\"https:\/\/www.hotel-maritimo.hr\/wp-content\/uploads\/2016\/07\/GOPR26620053702016-08-30-13-19-06.jpg\" title=\"Makarska\"><\/a><a href=\"https:\/\/www.hotel-maritimo.hr\/wp-content\/uploads\/2016\/07\/GOPR26610142772016-08-30-13-16-06.jpg\" title=\"Makarska\"><\/a><a href=\"https:\/\/www.hotel-maritimo.hr\/wp-content\/uploads\/2016\/07\/14.jpg\" title=\"Makarska\"><\/a><h6 class=\"text\">Makarska<span class=\"num_photos\">Total 19 photos<\/span><\/h6>\r\n\t\t\t\t<\/div>\r\n\t\t\t<\/div>\t\t\t\t\t<\/div>\r\n\t\t\t\t<\/div>\r\n\t\t\t\t\t\t\t<div class=\"our-gallery text-center js-loadmore\" style=display:none>\r\n\t\t\t\t<a class=\"more awe-btn awe-btn-6\" href=\"#\" data-cats=\"39\"\r\n\t\t\t\t\tdata-page=\"1\"\r\n\t\t\t\t\tdata-max=\"1\"\r\n\t\t\t\t\tdata-num=\"8\"\r\n\t\t\t\t\tdata-size=\"large\"\r\n\t\t\t\t\tdata-column=\"col-md-12\"\r\n\t\t\t\t>View More<\/a>\r\n\t\t\t<\/div>\r\n\t\t\t\t\t\t<\/div>\r\n\t\t\t<!-- GALLERY CONTENT -->\r\n\t\t\t<\/div > [\/vc_column][\/vc_row]\n<\/div>","protected":false},"excerpt":{"rendered":"<p>[vc_row full_width=&#8220;stretch_row&#8220; equal_height=&#8220;yes&#8220; parallax=&#8220;content-moving&#8220; parallax_image=&#8220;1003&#8243; enable_overlay=&#8220;&#8220;][vc_column][\/vc_column][\/vc_row][vc_row][vc_column][vc_video link=&#8220;https:\/\/www.youtube.com\/watch?v=20w9Lto1r9w&#8220;][\/vc_column][\/vc_row][vc_row][vc_column][vc_wp_text] Makarska ist ein malerisches St\u00e4dtchen von einer beeindruckenden Sch\u00f6nheit, das vom Tourismus und f\u00fcr den Tourismus lebt, eine Stadt der Jugend, Kultur, des Sports und der Unterhaltung. Sie entwickelte sich um einen nat\u00fcrlichen Turm herum, den die malerische Halbinsel Sveti Petar und der Kap Osejava sch\u00fctzten. Die Geschichte &hellip;<\/p>\n","protected":false},"author":3,"featured_media":0,"parent":0,"menu_order":0,"comment_status":"closed","ping_status":"closed","template":"","meta":{"footnotes":""},"class_list":["post-912","page","type-page","status-publish","hentry"],"yoast_head":"<!-- This site is optimized with the Yoast SEO plugin v27.3 - https:\/\/yoast.com\/product\/yoast-seo-wordpress\/ -->\n<title>\u00dcber das Reiseziel - Hotel Maritimo<\/title>\n<meta name=\"description\" content=\"Makarska ist ein malerisches St\u00e4dtchen von einer beeindruckenden Sch\u00f6nheit, das vom Tourismus und f\u00fcr den Tourismus lebt.\" \/>\n<meta name=\"robots\" content=\"index, follow, max-snippet:-1, max-image-preview:large, max-video-preview:-1\" \/>\n<link rel=\"canonical\" href=\"https:\/\/www.hotel-maritimo.hr\/de\/uber-das-reiseziel\/\" \/>\n<meta property=\"og:locale\" content=\"de_DE\" \/>\n<meta property=\"og:type\" content=\"article\" \/>\n<meta property=\"og:title\" content=\"\u00dcber das Reiseziel - Hotel Maritimo\" \/>\n<meta property=\"og:description\" content=\"Makarska ist ein malerisches St\u00e4dtchen von einer beeindruckenden Sch\u00f6nheit, das vom Tourismus und f\u00fcr den Tourismus lebt.\" \/>\n<meta property=\"og:url\" content=\"https:\/\/www.hotel-maritimo.hr\/de\/uber-das-reiseziel\/\" \/>\n<meta property=\"og:site_name\" content=\"Hotel Maritimo\" \/>\n<meta property=\"article:modified_time\" content=\"2025-10-28T12:46:28+00:00\" \/>\n<meta name=\"twitter:card\" content=\"summary_large_image\" \/>\n<meta name=\"twitter:label1\" content=\"Gesch\u00e4tzte Lesezeit\" \/>\n\t<meta name=\"twitter:data1\" content=\"2\u00a0Minuten\" \/>\n<script type=\"application\/ld+json\" class=\"yoast-schema-graph\">{\"@context\":\"https:\\\/\\\/schema.org\",\"@graph\":[{\"@type\":\"WebPage\",\"@id\":\"https:\\\/\\\/www.hotel-maritimo.hr\\\/de\\\/uber-das-reiseziel\\\/\",\"url\":\"https:\\\/\\\/www.hotel-maritimo.hr\\\/de\\\/uber-das-reiseziel\\\/\",\"name\":\"\u00dcber das Reiseziel - Hotel Maritimo\",\"isPartOf\":{\"@id\":\"https:\\\/\\\/www.hotel-maritimo.hr\\\/#website\"},\"datePublished\":\"2016-08-11T13:11:06+00:00\",\"dateModified\":\"2025-10-28T12:46:28+00:00\",\"description\":\"Makarska ist ein malerisches St\u00e4dtchen von einer beeindruckenden Sch\u00f6nheit, das vom Tourismus und f\u00fcr den Tourismus lebt.\",\"breadcrumb\":{\"@id\":\"https:\\\/\\\/www.hotel-maritimo.hr\\\/de\\\/uber-das-reiseziel\\\/#breadcrumb\"},\"inLanguage\":\"de\",\"potentialAction\":[{\"@type\":\"ReadAction\",\"target\":[\"https:\\\/\\\/www.hotel-maritimo.hr\\\/de\\\/uber-das-reiseziel\\\/\"]}]},{\"@type\":\"BreadcrumbList\",\"@id\":\"https:\\\/\\\/www.hotel-maritimo.hr\\\/de\\\/uber-das-reiseziel\\\/#breadcrumb\",\"itemListElement\":[{\"@type\":\"ListItem\",\"position\":1,\"name\":\"Home\",\"item\":\"https:\\\/\\\/www.hotel-maritimo.hr\\\/de\\\/\"},{\"@type\":\"ListItem\",\"position\":2,\"name\":\"\u00dcber das Reiseziel\"}]},{\"@type\":\"WebSite\",\"@id\":\"https:\\\/\\\/www.hotel-maritimo.hr\\\/#website\",\"url\":\"https:\\\/\\\/www.hotel-maritimo.hr\\\/\",\"name\":\"Hotel Maritimo\",\"description\":\"\",\"potentialAction\":[{\"@type\":\"SearchAction\",\"target\":{\"@type\":\"EntryPoint\",\"urlTemplate\":\"https:\\\/\\\/www.hotel-maritimo.hr\\\/?s={search_term_string}\"},\"query-input\":{\"@type\":\"PropertyValueSpecification\",\"valueRequired\":true,\"valueName\":\"search_term_string\"}}],\"inLanguage\":\"de\"}]}<\/script>\n<!-- \/ Yoast SEO plugin. -->","yoast_head_json":{"title":"\u00dcber das Reiseziel - Hotel Maritimo","description":"Makarska ist ein malerisches St\u00e4dtchen von einer beeindruckenden Sch\u00f6nheit, das vom Tourismus und f\u00fcr den Tourismus lebt.","robots":{"index":"index","follow":"follow","max-snippet":"max-snippet:-1","max-image-preview":"max-image-preview:large","max-video-preview":"max-video-preview:-1"},"canonical":"https:\/\/www.hotel-maritimo.hr\/de\/uber-das-reiseziel\/","og_locale":"de_DE","og_type":"article","og_title":"\u00dcber das Reiseziel - Hotel Maritimo","og_description":"Makarska ist ein malerisches St\u00e4dtchen von einer beeindruckenden Sch\u00f6nheit, das vom Tourismus und f\u00fcr den Tourismus lebt.","og_url":"https:\/\/www.hotel-maritimo.hr\/de\/uber-das-reiseziel\/","og_site_name":"Hotel Maritimo","article_modified_time":"2025-10-28T12:46:28+00:00","twitter_card":"summary_large_image","twitter_misc":{"Gesch\u00e4tzte Lesezeit":"2\u00a0Minuten"},"schema":{"@context":"https:\/\/schema.org","@graph":[{"@type":"WebPage","@id":"https:\/\/www.hotel-maritimo.hr\/de\/uber-das-reiseziel\/","url":"https:\/\/www.hotel-maritimo.hr\/de\/uber-das-reiseziel\/","name":"\u00dcber das Reiseziel - Hotel Maritimo","isPartOf":{"@id":"https:\/\/www.hotel-maritimo.hr\/#website"},"datePublished":"2016-08-11T13:11:06+00:00","dateModified":"2025-10-28T12:46:28+00:00","description":"Makarska ist ein malerisches St\u00e4dtchen von einer beeindruckenden Sch\u00f6nheit, das vom Tourismus und f\u00fcr den Tourismus lebt.","breadcrumb":{"@id":"https:\/\/www.hotel-maritimo.hr\/de\/uber-das-reiseziel\/#breadcrumb"},"inLanguage":"de","potentialAction":[{"@type":"ReadAction","target":["https:\/\/www.hotel-maritimo.hr\/de\/uber-das-reiseziel\/"]}]},{"@type":"BreadcrumbList","@id":"https:\/\/www.hotel-maritimo.hr\/de\/uber-das-reiseziel\/#breadcrumb","itemListElement":[{"@type":"ListItem","position":1,"name":"Home","item":"https:\/\/www.hotel-maritimo.hr\/de\/"},{"@type":"ListItem","position":2,"name":"\u00dcber das Reiseziel"}]},{"@type":"WebSite","@id":"https:\/\/www.hotel-maritimo.hr\/#website","url":"https:\/\/www.hotel-maritimo.hr\/","name":"Hotel Maritimo","description":"","potentialAction":[{"@type":"SearchAction","target":{"@type":"EntryPoint","urlTemplate":"https:\/\/www.hotel-maritimo.hr\/?s={search_term_string}"},"query-input":{"@type":"PropertyValueSpecification","valueRequired":true,"valueName":"search_term_string"}}],"inLanguage":"de"}]}},"_links":{"self":[{"href":"https:\/\/www.hotel-maritimo.hr\/de\/wp-json\/wp\/v2\/pages\/912","targetHints":{"allow":["GET"]}}],"collection":[{"href":"https:\/\/www.hotel-maritimo.hr\/de\/wp-json\/wp\/v2\/pages"}],"about":[{"href":"https:\/\/www.hotel-maritimo.hr\/de\/wp-json\/wp\/v2\/types\/page"}],"author":[{"embeddable":true,"href":"https:\/\/www.hotel-maritimo.hr\/de\/wp-json\/wp\/v2\/users\/3"}],"replies":[{"embeddable":true,"href":"https:\/\/www.hotel-maritimo.hr\/de\/wp-json\/wp\/v2\/comments?post=912"}],"version-history":[{"count":5,"href":"https:\/\/www.hotel-maritimo.hr\/de\/wp-json\/wp\/v2\/pages\/912\/revisions"}],"predecessor-version":[{"id":4012,"href":"https:\/\/www.hotel-maritimo.hr\/de\/wp-json\/wp\/v2\/pages\/912\/revisions\/4012"}],"wp:attachment":[{"href":"https:\/\/www.hotel-maritimo.hr\/de\/wp-json\/wp\/v2\/media?parent=912"}],"curies":[{"name":"wp","href":"https:\/\/api.w.org\/{rel}","templated":true}]}}