{"id":909,"date":"2016-08-11T14:37:12","date_gmt":"2016-08-11T12:37:12","guid":{"rendered":"http:\/\/n4u.biz.hr\/hotel-maritimo.hr\/?page_id=909&#038;lang=de"},"modified":"2025-10-28T13:43:09","modified_gmt":"2025-10-28T12:43:09","slug":"uber-uns","status":"publish","type":"page","link":"https:\/\/www.hotel-maritimo.hr\/de\/uber-uns\/","title":{"rendered":"\u00dcber uns"},"content":{"rendered":"<div class=\"wpb-content-wrapper\">[vc_row full_width=&#8220;stretch_row&#8220; parallax=&#8220;content-moving&#8220; parallax_image=&#8220;45&#8243; enable_overlay=&#8220;true&#8220; bg_overlay=&#8220;rgba(0,0,0,0.3)&#8220; css=&#8220;.vc_custom_1470298522028{padding-top: 150px !important;padding-bottom: 80px !important;}&#8220;][vc_column]<div class=\"awe-special-heading text-center\" style=\"color:#ffffff;\"><h2>\u00dcBER UNS<\/h2><\/div>[\/vc_column][\/vc_row][vc_row][vc_column width=&#8220;1\/2&#8243;]<div class=\"awe-special-heading text-left\"><h2>\u00dcBER UNS<\/h2><\/div>[vc_wp_text]\n<div class=\"wpb_text_column wpb_content_element wpb_animate_when_almost_visible wpb_ wpb_start_animation animated\">\n<div class=\"wpb_wrapper\">\n<p>Maritimo ist ein elegantes, kleines Familienhotel im westlichen Stadtteil von Makarska. Direkt am Kiesstrand, unweit eines kleinen Hafens, ist er nur durch eine K\u00fcstenpromenade mit einem wundersch\u00f6nen Ausblick auf die Inseln Hvar und Bra\u010d vom Meer getrennt.<\/p>\n<p>&nbsp;<\/p>\n<p>Wir verf\u00fcgen \u00fcber 21 modern eingerichtete Doppelzimmer und ein Appartement \u00a0in der obersten Hoteletage. Zu erw\u00e4hnen ist auch das Restaurant Maritimo, das in einem angenehmen Ambiente eine reiche Auswahl an traditionellen und internationalen Gerichten bietet. Die G\u00e4ste k\u00f6nnen zwischen einer Leistung \u00e0 la carte und einer Pensionsverpflegung w\u00e4hlen. Das Restaurant mit einer unmittelbar an der Promenade \u00fcber dem Strand gelegenen Terrasse bietet ein besonderes Sommerflair.<\/p>\n<p>Das Hotel verf\u00fcgt zudem auch \u00fcber eine Tiefgarage mit Parkm\u00f6glichkeiten f\u00fcr alle unsere G\u00e4ste. Die Tiefgarage ist mit einem Aufzug mit den Zimmern verbunden. Der Parkplatz muss im Voraus reserviert werden.<\/p>\n<\/div>\n<\/div>\n<div class=\"wpb_text_column wpb_content_element wpb_animate_when_almost_visible wpb_ wpb_start_animation animated\">\n<div class=\"wpb_wrapper\">\n<p>Die Kombination einer hervorragenden Lage direkt am Strand, einer erkennbaren mediterranen Architektur, der warmen Inneneinrichtung der Zimmer und sonstiger Hotelr\u00e4umlichkeiten, der fortlaufenden Investitionen in die Erneuerung und Instandhaltung des Hotels und, was besonders wichtig ist, des freundlichen und qualifizierten Personals, das den G\u00e4sten rund um die Uhr zur Verf\u00fcgung steht, macht das Hotel zu einem idealen Hotel f\u00fcr Ihren Urlaub. Die vorz\u00fcgliche Qualit\u00e4t der Dienstleistungen verfolgt den Gast auf Schritt und Tritt: vom Empfang an der Rezeption \u00fcber die Gastfreundlichkeit im Restaurant bis hin zur Schnelligkeit, Pr\u00e4zision und Diskretion des Reinigungspersonals machen dieses Hotel zu einem einzigartigen Hotel. Das Hotel bekam seit seiner Er\u00f6ffnung zahlreiche positive Bewertungen und ein hervorragendes Feedback der G\u00e4ste, was uns besonders stolz macht.<\/p>\n<p>Inhalte:<\/p>\n<ul>\n<li>Restaurant (\u00e0 la carte) und Pensionsverpflegung<\/li>\n<li>24-Stunden Rezeption<\/li>\n<li>Cocktailbar<\/li>\n<li>Internetcaf\u00e9<\/li>\n<li>Liegen und Sonnenschirme am Strand<\/li>\n<li>Video\u00fcberwachung<\/li>\n<li>Aufzug<\/li>\n<li>Strandhandt\u00fccher<\/li>\n<li>Wasch- und B\u00fcgelservice<\/li>\n<li>Organisation von Ausfl\u00fcgen<\/li>\n<li>Organisation des Transfers bei Anfrage<\/li>\n<\/ul>\n<\/div>\n<\/div>\n[\/vc_wp_text][\/vc_column][vc_column width=&#8220;1\/4&#8243;][vc_single_image image=&#8220;3899&#8243; img_size=&#8220;medium&#8220;][vc_single_image image=&#8220;3902&#8243; img_size=&#8220;medium&#8220;][vc_single_image image=&#8220;3731&#8243; img_size=&#8220;medium&#8220;][vc_single_image image=&#8220;3758&#8243; img_size=&#8220;medium&#8220;][vc_single_image image=&#8220;3767&#8243; img_size=&#8220;medium&#8220;][\/vc_column][vc_column width=&#8220;1\/4&#8243;][vc_single_image image=&#8220;3821&#8243; img_size=&#8220;medium&#8220;][vc_single_image image=&#8220;3926&#8243; img_size=&#8220;medium&#8220;][vc_single_image image=&#8220;3893&#8243; img_size=&#8220;medium&#8220;][vc_single_image image=&#8220;3794&#8243; img_size=&#8220;medium&#8220;][vc_single_image image=&#8220;3896&#8243; img_size=&#8220;medium&#8220;][\/vc_column][\/vc_row][vc_row][vc_column]<div class=\"awe-special-heading text-center\"><h2>AUSZEICHNUNGEN<\/h2><\/div>[vc_empty_space][\/vc_column][\/vc_row][vc_row][vc_column width=&#8220;1\/6&#8243;][vc_single_image image=&#8220;3181&#8243; img_size=&#8220;full&#8220; alignment=&#8220;center&#8220; onclick=&#8220;custom_link&#8220; img_link_target=&#8220;_blank&#8220; link=&#8220;https:\/\/www.tripadvisor.co.uk\/Hotel_Review-g303814-d1527283-Reviews-The_Maritimo_Hotel-Makarska_Split_Dalmatia_County_Dalmatia.html&#8220;][vc_single_image image=&#8220;3180&#8243; img_size=&#8220;full&#8220; alignment=&#8220;center&#8220; onclick=&#8220;custom_link&#8220; img_link_target=&#8220;_blank&#8220; link=&#8220;http:\/\/www.completelycroatia.co.uk\/&#8220;][\/vc_column][vc_column width=&#8220;1\/6&#8243;][vc_single_image image=&#8220;3182&#8243; img_size=&#8220;full&#8220; alignment=&#8220;center&#8220; onclick=&#8220;custom_link&#8220; img_link_target=&#8220;_blank&#8220; link=&#8220;https:\/\/www.tripadvisor.co.uk\/Hotel_Review-g303814-d1527283-Reviews-The_Maritimo_Hotel-Makarska_Split_Dalmatia_County_Dalmatia.html&#8220;][vc_single_image image=&#8220;3286&#8243; img_size=&#8220;full&#8220; alignment=&#8220;center&#8220;][\/vc_column][vc_column width=&#8220;1\/6&#8243;][vc_single_image image=&#8220;3183&#8243; img_size=&#8220;full&#8220; alignment=&#8220;center&#8220; onclick=&#8220;custom_link&#8220; img_link_target=&#8220;_blank&#8220; link=&#8220;https:\/\/www.tripadvisor.co.uk\/Hotel_Review-g303814-d1527283-Reviews-The_Maritimo_Hotel-Makarska_Split_Dalmatia_County_Dalmatia.html&#8220;][vc_single_image image=&#8220;3289&#8243; img_size=&#8220;full&#8220; alignment=&#8220;center&#8220;][\/vc_column][vc_column width=&#8220;1\/6&#8243;][vc_single_image image=&#8220;3184&#8243; img_size=&#8220;full&#8220; alignment=&#8220;center&#8220; onclick=&#8220;custom_link&#8220; img_link_target=&#8220;_blank&#8220; link=&#8220;https:\/\/www.tripadvisor.co.uk\/Hotel_Review-g303814-d1527283-Reviews-The_Maritimo_Hotel-Makarska_Split_Dalmatia_County_Dalmatia.html&#8220;][vc_single_image image=&#8220;3274&#8243; img_size=&#8220;full&#8220; alignment=&#8220;center&#8220;][\/vc_column][vc_column width=&#8220;1\/6&#8243;][vc_single_image image=&#8220;3186&#8243; img_size=&#8220;full&#8220; alignment=&#8220;center&#8220; onclick=&#8220;custom_link&#8220; img_link_target=&#8220;_blank&#8220; link=&#8220;https:\/\/www.hotels.com\/ho332066\/hotel-maritimo-makarska-croatia\/?wapb1=guestratingwidgets-1&#8243;][\/vc_column][vc_column width=&#8220;1\/6&#8243;][vc_single_image image=&#8220;3185&#8243; img_size=&#8220;full&#8220; alignment=&#8220;center&#8220; onclick=&#8220;custom_link&#8220; img_link_target=&#8220;_blank&#8220; link=&#8220;http:\/\/www.booking.com\/hotel\/hr\/maritimo.html?label=gen173nr-1FCAEoggJCAlhYSDNiBW5vcmVmaGWIAQGYATG4AQzIAQzYAQHoAQH4AQKoAgM;sid=914bb4b38e4aba833ee9cf248d301326;dcid=1;dest_id=-87968;dest_type=city;dist=0;group_adults=2;room1=A%2CA;sb_price_type=total;srfid=73fef5a70b3bedf332fea8f70740be2efa2dd5f3X1;type=total;ucfs=1-reviews&#8220;][\/vc_column][\/vc_row]\n<\/div>","protected":false},"excerpt":{"rendered":"<p>[vc_row full_width=&#8220;stretch_row&#8220; parallax=&#8220;content-moving&#8220; parallax_image=&#8220;45&#8243; enable_overlay=&#8220;true&#8220; bg_overlay=&#8220;rgba(0,0,0,0.3)&#8220; css=&#8220;.vc_custom_1470298522028{padding-top: 150px !important;padding-bottom: 80px !important;}&#8220;][vc_column][\/vc_column][\/vc_row][vc_row][vc_column width=&#8220;1\/2&#8243;][vc_wp_text] Maritimo ist ein elegantes, kleines Familienhotel im westlichen Stadtteil von Makarska. Direkt am Kiesstrand, unweit eines kleinen Hafens, ist er nur durch eine K\u00fcstenpromenade mit einem wundersch\u00f6nen Ausblick auf die Inseln Hvar und Bra\u010d vom Meer getrennt. &nbsp; Wir verf\u00fcgen \u00fcber 21 modern &hellip;<\/p>\n","protected":false},"author":3,"featured_media":0,"parent":0,"menu_order":0,"comment_status":"closed","ping_status":"closed","template":"","meta":{"footnotes":""},"class_list":["post-909","page","type-page","status-publish","hentry"],"yoast_head":"<!-- This site is optimized with the Yoast SEO plugin v27.3 - https:\/\/yoast.com\/product\/yoast-seo-wordpress\/ -->\n<title>\u00dcber uns - Hotel Maritimo<\/title>\n<meta name=\"description\" content=\"Maritimo ist ein elegantes, kleines Familienhotel im westlichen Stadtteil von Makarska. Direkt am Kiesstrand, unweit eines kleinen Hafens.\" \/>\n<meta name=\"robots\" content=\"index, follow, max-snippet:-1, max-image-preview:large, max-video-preview:-1\" \/>\n<link rel=\"canonical\" href=\"https:\/\/www.hotel-maritimo.hr\/de\/uber-uns\/\" \/>\n<meta property=\"og:locale\" content=\"de_DE\" \/>\n<meta property=\"og:type\" content=\"article\" \/>\n<meta property=\"og:title\" content=\"\u00dcber uns - Hotel Maritimo\" \/>\n<meta property=\"og:description\" content=\"Maritimo ist ein elegantes, kleines Familienhotel im westlichen Stadtteil von Makarska. Direkt am Kiesstrand, unweit eines kleinen Hafens.\" \/>\n<meta property=\"og:url\" content=\"https:\/\/www.hotel-maritimo.hr\/de\/uber-uns\/\" \/>\n<meta property=\"og:site_name\" content=\"Hotel Maritimo\" \/>\n<meta property=\"article:modified_time\" content=\"2025-10-28T12:43:09+00:00\" \/>\n<meta name=\"twitter:card\" content=\"summary_large_image\" \/>\n<meta name=\"twitter:label1\" content=\"Gesch\u00e4tzte Lesezeit\" \/>\n\t<meta name=\"twitter:data1\" content=\"7\u00a0Minuten\" \/>\n<script type=\"application\/ld+json\" class=\"yoast-schema-graph\">{\"@context\":\"https:\\\/\\\/schema.org\",\"@graph\":[{\"@type\":\"WebPage\",\"@id\":\"https:\\\/\\\/www.hotel-maritimo.hr\\\/de\\\/uber-uns\\\/\",\"url\":\"https:\\\/\\\/www.hotel-maritimo.hr\\\/de\\\/uber-uns\\\/\",\"name\":\"\u00dcber uns - Hotel Maritimo\",\"isPartOf\":{\"@id\":\"https:\\\/\\\/www.hotel-maritimo.hr\\\/#website\"},\"datePublished\":\"2016-08-11T12:37:12+00:00\",\"dateModified\":\"2025-10-28T12:43:09+00:00\",\"description\":\"Maritimo ist ein elegantes, kleines Familienhotel im westlichen Stadtteil von Makarska. Direkt am Kiesstrand, unweit eines kleinen Hafens.\",\"breadcrumb\":{\"@id\":\"https:\\\/\\\/www.hotel-maritimo.hr\\\/de\\\/uber-uns\\\/#breadcrumb\"},\"inLanguage\":\"de\",\"potentialAction\":[{\"@type\":\"ReadAction\",\"target\":[\"https:\\\/\\\/www.hotel-maritimo.hr\\\/de\\\/uber-uns\\\/\"]}]},{\"@type\":\"BreadcrumbList\",\"@id\":\"https:\\\/\\\/www.hotel-maritimo.hr\\\/de\\\/uber-uns\\\/#breadcrumb\",\"itemListElement\":[{\"@type\":\"ListItem\",\"position\":1,\"name\":\"Home\",\"item\":\"https:\\\/\\\/www.hotel-maritimo.hr\\\/de\\\/\"},{\"@type\":\"ListItem\",\"position\":2,\"name\":\"\u00dcber uns\"}]},{\"@type\":\"WebSite\",\"@id\":\"https:\\\/\\\/www.hotel-maritimo.hr\\\/#website\",\"url\":\"https:\\\/\\\/www.hotel-maritimo.hr\\\/\",\"name\":\"Hotel Maritimo\",\"description\":\"\",\"potentialAction\":[{\"@type\":\"SearchAction\",\"target\":{\"@type\":\"EntryPoint\",\"urlTemplate\":\"https:\\\/\\\/www.hotel-maritimo.hr\\\/?s={search_term_string}\"},\"query-input\":{\"@type\":\"PropertyValueSpecification\",\"valueRequired\":true,\"valueName\":\"search_term_string\"}}],\"inLanguage\":\"de\"}]}<\/script>\n<!-- \/ Yoast SEO plugin. -->","yoast_head_json":{"title":"\u00dcber uns - Hotel Maritimo","description":"Maritimo ist ein elegantes, kleines Familienhotel im westlichen Stadtteil von Makarska. Direkt am Kiesstrand, unweit eines kleinen Hafens.","robots":{"index":"index","follow":"follow","max-snippet":"max-snippet:-1","max-image-preview":"max-image-preview:large","max-video-preview":"max-video-preview:-1"},"canonical":"https:\/\/www.hotel-maritimo.hr\/de\/uber-uns\/","og_locale":"de_DE","og_type":"article","og_title":"\u00dcber uns - Hotel Maritimo","og_description":"Maritimo ist ein elegantes, kleines Familienhotel im westlichen Stadtteil von Makarska. Direkt am Kiesstrand, unweit eines kleinen Hafens.","og_url":"https:\/\/www.hotel-maritimo.hr\/de\/uber-uns\/","og_site_name":"Hotel Maritimo","article_modified_time":"2025-10-28T12:43:09+00:00","twitter_card":"summary_large_image","twitter_misc":{"Gesch\u00e4tzte Lesezeit":"7\u00a0Minuten"},"schema":{"@context":"https:\/\/schema.org","@graph":[{"@type":"WebPage","@id":"https:\/\/www.hotel-maritimo.hr\/de\/uber-uns\/","url":"https:\/\/www.hotel-maritimo.hr\/de\/uber-uns\/","name":"\u00dcber uns - Hotel Maritimo","isPartOf":{"@id":"https:\/\/www.hotel-maritimo.hr\/#website"},"datePublished":"2016-08-11T12:37:12+00:00","dateModified":"2025-10-28T12:43:09+00:00","description":"Maritimo ist ein elegantes, kleines Familienhotel im westlichen Stadtteil von Makarska. Direkt am Kiesstrand, unweit eines kleinen Hafens.","breadcrumb":{"@id":"https:\/\/www.hotel-maritimo.hr\/de\/uber-uns\/#breadcrumb"},"inLanguage":"de","potentialAction":[{"@type":"ReadAction","target":["https:\/\/www.hotel-maritimo.hr\/de\/uber-uns\/"]}]},{"@type":"BreadcrumbList","@id":"https:\/\/www.hotel-maritimo.hr\/de\/uber-uns\/#breadcrumb","itemListElement":[{"@type":"ListItem","position":1,"name":"Home","item":"https:\/\/www.hotel-maritimo.hr\/de\/"},{"@type":"ListItem","position":2,"name":"\u00dcber uns"}]},{"@type":"WebSite","@id":"https:\/\/www.hotel-maritimo.hr\/#website","url":"https:\/\/www.hotel-maritimo.hr\/","name":"Hotel Maritimo","description":"","potentialAction":[{"@type":"SearchAction","target":{"@type":"EntryPoint","urlTemplate":"https:\/\/www.hotel-maritimo.hr\/?s={search_term_string}"},"query-input":{"@type":"PropertyValueSpecification","valueRequired":true,"valueName":"search_term_string"}}],"inLanguage":"de"}]}},"_links":{"self":[{"href":"https:\/\/www.hotel-maritimo.hr\/de\/wp-json\/wp\/v2\/pages\/909","targetHints":{"allow":["GET"]}}],"collection":[{"href":"https:\/\/www.hotel-maritimo.hr\/de\/wp-json\/wp\/v2\/pages"}],"about":[{"href":"https:\/\/www.hotel-maritimo.hr\/de\/wp-json\/wp\/v2\/types\/page"}],"author":[{"embeddable":true,"href":"https:\/\/www.hotel-maritimo.hr\/de\/wp-json\/wp\/v2\/users\/3"}],"replies":[{"embeddable":true,"href":"https:\/\/www.hotel-maritimo.hr\/de\/wp-json\/wp\/v2\/comments?post=909"}],"version-history":[{"count":6,"href":"https:\/\/www.hotel-maritimo.hr\/de\/wp-json\/wp\/v2\/pages\/909\/revisions"}],"predecessor-version":[{"id":4007,"href":"https:\/\/www.hotel-maritimo.hr\/de\/wp-json\/wp\/v2\/pages\/909\/revisions\/4007"}],"wp:attachment":[{"href":"https:\/\/www.hotel-maritimo.hr\/de\/wp-json\/wp\/v2\/media?parent=909"}],"curies":[{"name":"wp","href":"https:\/\/api.w.org\/{rel}","templated":true}]}}